{"id":1126,"date":"2017-09-18T01:19:59","date_gmt":"2017-09-18T01:19:59","guid":{"rendered":"http:\/\/td_uid_2_59bf1f3fe1520"},"modified":"2017-10-15T19:56:15","modified_gmt":"2017-10-16T00:56:15","slug":"sobre_nosotros","status":"publish","type":"page","link":"https:\/\/www.colombiatudestino.com\/viajes\/sobre_nosotros\/","title":{"rendered":"Nosotros"},"content":{"rendered":"<p><img loading=\"lazy\" class=\"alignnone wp-image-1381 size-large\" src=\"https:\/\/www.colombiatudestino.com\/viajes\/wp-content\/uploads\/2017\/09\/nosotros-1024x683.jpg\" alt=\"\" width=\"696\" height=\"464\" srcset=\"https:\/\/www.colombiatudestino.com\/viajes\/wp-content\/uploads\/2017\/09\/nosotros-1024x683.jpg 1024w, https:\/\/www.colombiatudestino.com\/viajes\/wp-content\/uploads\/2017\/09\/nosotros-300x200.jpg 300w, https:\/\/www.colombiatudestino.com\/viajes\/wp-content\/uploads\/2017\/09\/nosotros-768x512.jpg 768w, https:\/\/www.colombiatudestino.com\/viajes\/wp-content\/uploads\/2017\/09\/nosotros-696x464.jpg 696w, https:\/\/www.colombiatudestino.com\/viajes\/wp-content\/uploads\/2017\/09\/nosotros-1068x712.jpg 1068w, https:\/\/www.colombiatudestino.com\/viajes\/wp-content\/uploads\/2017\/09\/nosotros-630x420.jpg 630w, https:\/\/www.colombiatudestino.com\/viajes\/wp-content\/uploads\/2017\/09\/nosotros.jpg 1440w\" sizes=\"(max-width: 696px) 100vw, 696px\" \/><\/p>\n<p class=\"lede\">Hola! Mi nombre es Jhon Hern\u00e1ndez, junto a mi esposa Claudia, decidimos hace m\u00e1s de 14 a\u00f1os recorrer este hermoso pa\u00eds. Somos una pareja de emprendedores que no ha parado de trabajar desde que nos conocimos hace 20 a\u00f1os, en este tiempo hemos desarrollado m\u00e1s de 9 emprendimientos, nos hemos quebrado en varias oportunidades, tambi\u00e9n hemos logrado superar estos momentos dif\u00edciles juntos.\u00a0 Hace 13 a\u00f1os trabajamos en el sector del turismo y hemos tenido la oportunidad de conocer lugares incre\u00edbles.<\/p>\n<p class=\"lede\">Queremos mostrarte los lugares m\u00e1s maravillosos de Colombia, personas con historias muy hermosas que luchan d\u00eda a d\u00eda por hacer de Colombia un lugar mejor, mucha naturaleza y cientos de tips para que tu viaje por Colombia sea innolvidable.<\/p>\n<p>Bienvenidos a nuestro Blog de Viaje por Colombia, porque Colombia es tu destino.<\/p>\n","protected":false},"excerpt":{"rendered":"<p>Hola! Mi nombre es Jhon Hern\u00e1ndez, junto a mi esposa Claudia, decidimos hace m\u00e1s de 14 a\u00f1os recorrer este hermoso pa\u00eds. Somos una pareja de emprendedores que no ha parado de trabajar desde que nos conocimos hace 20 a\u00f1os, en este tiempo hemos desarrollado m\u00e1s de 9 emprendimientos, nos hemos quebrado en varias oportunidades, tambi\u00e9n [&hellip;]<\/p>\n","protected":false},"author":1,"featured_media":0,"parent":0,"menu_order":0,"comment_status":"open","ping_status":"closed","template":"","meta":[],"_links":{"self":[{"href":"https:\/\/www.colombiatudestino.com\/viajes\/wp-json\/wp\/v2\/pages\/1126"}],"collection":[{"href":"https:\/\/www.colombiatudestino.com\/viajes\/wp-json\/wp\/v2\/pages"}],"about":[{"href":"https:\/\/www.colombiatudestino.com\/viajes\/wp-json\/wp\/v2\/types\/page"}],"author":[{"embeddable":true,"href":"https:\/\/www.colombiatudestino.com\/viajes\/wp-json\/wp\/v2\/users\/1"}],"replies":[{"embeddable":true,"href":"https:\/\/www.colombiatudestino.com\/viajes\/wp-json\/wp\/v2\/comments?post=1126"}],"version-history":[{"count":4,"href":"https:\/\/www.colombiatudestino.com\/viajes\/wp-json\/wp\/v2\/pages\/1126\/revisions"}],"predecessor-version":[{"id":1383,"href":"https:\/\/www.colombiatudestino.com\/viajes\/wp-json\/wp\/v2\/pages\/1126\/revisions\/1383"}],"wp:attachment":[{"href":"https:\/\/www.colombiatudestino.com\/viajes\/wp-json\/wp\/v2\/media?parent=1126"}],"curies":[{"name":"wp","href":"https:\/\/api.w.org\/{rel}","templated":true}]}}