{"id":1699,"date":"2018-05-30T08:47:01","date_gmt":"2018-05-30T13:47:01","guid":{"rendered":"http:\/\/www.colombiatudestino.com\/viajes\/?page_id=1699"},"modified":"2019-01-03T16:31:31","modified_gmt":"2019-01-03T21:31:31","slug":"eje-cafetero","status":"publish","type":"page","link":"https:\/\/www.colombiatudestino.com\/viajes\/eje-cafetero\/","title":{"rendered":"Eje Cafetero"},"content":{"rendered":"<div id=\"td_uid_1_69e099eb6ea7f\" class=\"tdc-row stretch_row_content td-stretch-content\"><div class=\"vc_row td_uid_1_69e099eb6ea89_rand  wpb_row td-pb-row\" ><div class=\"vc_column td_uid_2_69e099eb6eb52_rand  wpb_column vc_column_container td-pb-span12\"><div class=\"wpb_wrapper\"><div class=\"wpb_wrapper td_block_single_image td_block_wrap vc_single_image td_uid_3_69e099eb6ec02_rand  td-single-image-\"><a style=\"background-image: url('https:\/\/www.colombiatudestino.com\/viajes\/wp-content\/uploads\/2018\/05\/valle-del-cocora-salento-1920x572.jpg');height:572px; background-size: cover; background-repeat: no-repeat; background-position: center center;\" href=\"#\"  rel=\"bookmark\"><\/a><\/div><div class=\"wpb_wrapper td_block_separator td_block_wrap vc_separator td_uid_4_69e099eb6eed4_rand  td_separator_solid td_separator_center\"><span style=\"border-color:#EBEBEB;border-width:4px;width:90%;\"><\/span><\/div><\/div><\/div><\/div><\/div><div id=\"td_uid_5_69e099eb6ef19\" class=\"tdc-row\"><div class=\"vc_row td_uid_5_69e099eb6ef1c_rand  wpb_row td-pb-row\" ><div class=\"vc_column td_uid_6_69e099eb6f032_rand  wpb_column vc_column_container td-pb-span12\"><div class=\"wpb_wrapper\"><div class=\"wpb_wrapper wpb_text_column td_block_wrap td_block_wrap vc_column_text td_uid_7_69e099eb6f12a_rand  td-pb-border-top td_block_template_1\"  data-td-block-uid=\"td_uid_7_69e099eb6f12a\" \"><div class=\"td-block-title-wrap\"><\/div><blockquote><p>El eje cafetero se ha ganado con los a&ntilde;os y esfuerzo el titulo de ser La Tierra del Caf&eacute;, y &iquest;c&oacute;mo no serlo?<\/p><\/blockquote>\n<p>Si es una tierra llena de magia, donde su encanto se refugia en lo amable de su gente, la belleza de sus paisajes, su alegr&iacute;a, el color en sus calles y una gastronom&iacute;a que enamora a todo aquel que la prueba. En este viaje nunca te quedar&aacute;s sin planes ya que no solo puedes visitar y disfrutar de las ciudades grandes como Pereira, Manizales y Armenia sino que tambi&eacute;n hay una gran cantidad de pueblos cercanos que se convierten en destinos m&aacute;gicos llenos de historia, cultura y diversi&oacute;n.<\/p>\n<\/div><div class=\"wpb_wrapper td_block_separator td_block_wrap vc_separator td_uid_8_69e099eb7076a_rand  td_separator_solid td_separator_center\"><span style=\"border-color:#EBEBEB;border-width:4px;width:100%;\"><\/span><\/div><div class=\"wpb_wrapper td_block_wrap vc_raw_html td_uid_9_69e099eb70784_rand \"><h2>LUGARES QUE DEBES VISITAR<\/h2><\/div><div class=\"wpb_wrapper td_block_wrap vc_raw_html td_uid_10_69e099eb707b7_rand \"><div class=\"td_module_11 td_module_wrap td-animation-stack\">\n            <div class=\"td-module-thumb\"><img width=\"324\" height=\"235\" class=\"entry-thumb\" src=\"http:\/\/www.colombiatudestino.com\/viajes\/wp-content\/uploads\/2018\/05\/valle-del-cocora-quindio-324x235.jpg\" alt=\"Armenia, capital del Quind\u00edo\" title=\"Armenia, capital del Quind\u00edo\"><\/div>\n            <div class=\"item-details\">\n                <h3 class=\"entry-title td-module-title\">Armenia, capital del Quind\u00edo<\/h3>\n                <div class=\"td-module-meta-info\">\n                    <a href=\"http:\/\/www.colombiatudestino.com\/viajes\/category\/destinos\/\" class=\"td-post-category\">Eje Cafetero<\/a>                    <span class=\"td-post-author-name\"><a href=\"http:\/\/www.colombiatudestino.com\/viajes\/\">Colombia Tu Destino<\/a> <\/span><\/div>\n\n                <div class=\"td-excerpt\">\n                    \nEl Quind\u00edo, Caldas y Risaralda son los departamentos que componen el tri\u00e1ngulo del caf\u00e9. <br>La ciudad de Armenia, capital del departamento del Quind\u00edo es una ciudad m\u00e1gica y acogedora, donde puedes encontrar diferentes planes para todos los gustos y presupuestos. Adem\u00e1s posee una gran oferta cultural y hotelera que har\u00e1 de tu visita una experiencia \u00fanica. El Valle del Cocora es un paisaje natural que hace parte del Parque Nacional Natural Los Nevados y es el hogar de la palma de cera, el \u00e1rbol nacional de Colombia y de gran variedad de flora y fauna, de la cual una gran parte se encuentra en peligro de extinci\u00f3n. Salento, un pueblo del departamento del Quind\u00edo te transportar\u00e1 a la Colombia de anta\u00f1o donde sus casas con estilo colonial har\u00e1n de tu viaje una experiencia digna de recordar. El Parque Nacional del Caf\u00e9 es un parque tem\u00e1tico ubicado en el corregimiento de Pueblo Tapao del municipio de Montenegro Quind\u00edo y es ese destino que lo tiene todo; jardines y mucho verde para caminatas respirando aire puro y la diversi\u00f3n y adrenalina de sus juegos mec\u00e1nicos. Tambi\u00e9n los recorridos por las fincas cafeteras son una opci\u00f3n para vivir la experiencia del caf\u00e9.<\/div>\n            <\/div>\n        <\/div>\n<div class=\"td_module_11 td_module_wrap td-animation-stack\">\n            <div class=\"td-module-thumb\"><img width=\"324\" height=\"235\" class=\"entry-thumb\" src=\"http:\/\/www.colombiatudestino.com\/viajes\/wp-content\/uploads\/2018\/05\/manizales-eje-cafetero-324x235.jpg\" alt=\"Manizales, capital de Caldas\" title=\"Manizales, capital de Caldas\"><\/div>\n            <div class=\"item-details\">\n                <h3 class=\"entry-title td-module-title\">Manizales, capital de Caldas<\/h3>\n                <div class=\"td-module-meta-info\">\n                    <a href=\"http:\/\/www.colombiatudestino.com\/viajes\/category\/destinos\/\" class=\"td-post-category\">Eje Cafetero<\/a>                    <span class=\"td-post-author-name\"><a href=\"http:\/\/www.colombiatudestino.com\/viajes\/\">Colombia Tu Destino<\/a> <\/span><\/div>\n\n                <div class=\"td-excerpt\">\n                    \nManizales, capital del departamento de caldas, que rodeada de monta\u00f1as se alza con gran belleza para mostrarle a oriundos y visitantes sus hermosos cultivos de caf\u00e9, lo particular de sus calles inclinadas, el imponente Nevado del Ruiz que con gran \u00edmpetu capta la atenci\u00f3n de todos los que visitan esta hermosa tierra y la catedral bas\u00edlica de Nuestra Se\u00f1ora del Rosario que es poseedora de una imponente belleza de estilo neog\u00f3tico y es un destino casi que necesario para apreciar su historia y lo m\u00e1gico de su arquitectura. Pero no solo te quedes en la zona metropolitana, tambi\u00e9n visita los pueblos cercanos eso har\u00e1 la diferencia en tu viaje ya que puedes visitar las aut\u00e9nticas fincas cafeteras y por que no conocer m\u00e1s acerca de la siembra, recolecci\u00f3n y proceso del caf\u00e9.<\/div>\n            <\/div>\n        <\/div>\n<div class=\"td_module_11 td_module_wrap td-animation-stack\">\n            <div class=\"td-module-thumb\"><img width=\"324\" height=\"235\" class=\"entry-thumb\" src=\"http:\/\/www.colombiatudestino.com\/viajes\/wp-content\/uploads\/2018\/05\/viaducto-pereira-324x235.jpg\" alt=\"Pereira, capital de Risaralda\" title=\"Pereira, capital de Risaralda\"><\/div>\n            <div class=\"item-details\">\n                <h3 class=\"entry-title td-module-title\">Pereira, capital de Risaralda<\/h3>\n                <div class=\"td-module-meta-info\">\n                    <a href=\"http:\/\/www.colombiatudestino.com\/viajes\/category\/destinos\/\" class=\"td-post-category\">Eje Cafetero<\/a>                    <span class=\"td-post-author-name\"><a href=\"http:\/\/www.colombiatudestino.com\/viajes\/\">Colombia Tu Destino<\/a> <\/span><\/div>\n\n                <div class=\"td-excerpt\">\n                    \nPereira la capital del departamento de Risaralda, tambi\u00e9n conocida como la perla del Ot\u00fan, es una ciudad m\u00e1gica que hace que todo el que la visite no se quiera ir. Cuenta con la belleza de la arquitectura colonial que hace de Pereira un destino ideal para disfrutar de hermosos paisajes y de la mezcla de la tradicional cultura cafetera y del avance de la actualidad. En este departamento  hay diferentes planes que van desde el ecoturismo como el Jard\u00edn Bot\u00e1nico de Marsella (municipio del departamento de Risaralda), La visita a la Laguna del Ot\u00fan y el paso obligado a los termales de Santa Rosa de Cabal. Tambi\u00e9n puedes visitar el Bioparque Ukumar\u00ed donde podr\u00e1s encontrar una muestra de la riqueza natural en fauna y flora de nuestro pa\u00eds. El Museo de Arte de Pereira acoge diferentes exposiciones temporales para el deleite de locales y visitantes. Adicionalmente la ciudad de Pereira tiene una gran oferta de esparcimiento nocturno con lugares ubicados en diferentes zonas de la ciudad para brindar el mejor servicio con m\u00fasica para todos los gustos.<\/div>\n            <\/div>\n        <\/div><\/div><div class=\"wpb_wrapper td_block_separator td_block_wrap vc_separator td_uid_11_69e099eb70862_rand  td_separator_solid td_separator_center\"><span style=\"border-color:#EBEBEB;border-width:4px;width:100%;\"><\/span><\/div><div class=\"wpb_wrapper td_block_wrap vc_raw_html td_uid_12_69e099eb70872_rand \"><h2>CONOCE OTROS DESTINOS DE COLOMBIA<\/h2><\/div><\/div><\/div><\/div><\/div><div id=\"td_uid_12_69e099eb708a4\" class=\"tdc-row stretch_row_content td-stretch-content\"><div class=\"vc_row td_uid_13_69e099eb708a6_rand  wpb_row td-pb-row\" ><div class=\"vc_column td_uid_14_69e099eb70936_rand  wpb_column vc_column_container td-pb-span12\"><div class=\"wpb_wrapper\"><div class=\"td_block_wrap td_block_big_grid_2 td_uid_16_69e099eb7167d_rand td-grid-style-1 td-hover-1 td-big-grids td-pb-border-top td_block_template_1\"  data-td-block-uid=\"td_uid_16_69e099eb7167d\" ><div id=td_uid_16_69e099eb7167d class=\"td_block_inner\"><div class=\"td-big-grid-wrapper\">\r\n        <div class=\"td_module_mx9 td-animation-stack td-big-grid-post-0 td-big-grid-post td-big-thumb\">\r\n            <div class=\"td-module-thumb\"><a href=\"https:\/\/www.colombiatudestino.com\/viajes\/2-utiles-indispensables-que-no-deben-faltar-en-tu-mochila-si-viajas-a-cartagena\/\" rel=\"bookmark\" title=\"2 \u00fatiles indispensables que no deben faltar en tu mochila si viajas a Cartagena\"><img width=\"741\" height=\"486\" class=\"entry-thumb\" src=\"https:\/\/www.colombiatudestino.com\/viajes\/wp-content\/themes\/Newspaper\/images\/no-thumb\/td_741x486.png\" alt=\"\"\/><\/a><\/div>            <div class=\"td-meta-info-container\">\r\n                <div class=\"td-meta-align\">\r\n                    <div class=\"td-big-grid-meta\">\r\n                        <a href=\"https:\/\/www.colombiatudestino.com\/viajes\/category\/tips\/\" class=\"td-post-category\">Tips<\/a>                        <h3 class=\"entry-title td-module-title\"><a href=\"https:\/\/www.colombiatudestino.com\/viajes\/2-utiles-indispensables-que-no-deben-faltar-en-tu-mochila-si-viajas-a-cartagena\/\" rel=\"bookmark\" title=\"2 \u00fatiles indispensables que no deben faltar en tu mochila si viajas a Cartagena\">2 \u00fatiles indispensables que no deben faltar en tu mochila si viajas a Cartagena<\/a><\/h3>                    <\/div>\r\n                    <div class=\"td-module-meta-info\">\r\n                        <span class=\"td-post-author-name\"><a href=\"https:\/\/www.colombiatudestino.com\/viajes\/author\/colreservas\/\">colreservas<\/a> <span>-<\/span> <\/span>                        <span class=\"td-post-date\"><time class=\"entry-date updated td-module-date\" datetime=\"2020-09-02T11:38:33+00:00\" >2 septiembre, 2020<\/time><\/span>                    <\/div>\r\n                <\/div>\r\n            <\/div>\r\n\r\n        <\/div>\r\n\r\n        <div class=\"td-big-grid-scroll\">\r\n        <div class=\"td_module_mx10 td-animation-stack td-big-grid-post-1 td-big-grid-post td-small-thumb\">\r\n            <div class=\"td-module-thumb\"><a href=\"https:\/\/www.colombiatudestino.com\/viajes\/colores-del-amazonas\/\" rel=\"bookmark\" title=\"Colores del Amazonas\"><img width=\"324\" height=\"160\" class=\"entry-thumb\" src=\"https:\/\/www.colombiatudestino.com\/viajes\/wp-content\/uploads\/2018\/10\/amazonas6-324x160.jpg\" srcset=\"https:\/\/www.colombiatudestino.com\/viajes\/wp-content\/uploads\/2018\/10\/amazonas6-324x160.jpg 324w, https:\/\/www.colombiatudestino.com\/viajes\/wp-content\/uploads\/2018\/10\/amazonas6-533x261.jpg 533w\" sizes=\"(max-width: 324px) 100vw, 324px\" alt=\"\" title=\"Colores del Amazonas\"\/><\/a><\/div>            <div class=\"td-meta-info-container\">\r\n                <div class=\"td-meta-align\">\r\n                    <div class=\"td-big-grid-meta\">\r\n                        <a href=\"https:\/\/www.colombiatudestino.com\/viajes\/category\/sin-categoria\/\" class=\"td-post-category\">Sin categor\u00eda<\/a>                        <h3 class=\"entry-title td-module-title\"><a href=\"https:\/\/www.colombiatudestino.com\/viajes\/colores-del-amazonas\/\" rel=\"bookmark\" title=\"Colores del Amazonas\">Colores del Amazonas<\/a><\/h3>                    <\/div>\r\n                <\/div>\r\n            <\/div>\r\n\r\n        <\/div>\r\n\r\n        \r\n        <div class=\"td_module_mx10 td-animation-stack td-big-grid-post-2 td-big-grid-post td-small-thumb\">\r\n            <div class=\"td-module-thumb\"><a href=\"https:\/\/www.colombiatudestino.com\/viajes\/cano-cristales-el-rio-de-los-siete-colores\/\" rel=\"bookmark\" title=\"Ca\u00f1o Cristales, el r\u00edo de los siete colores\"><img width=\"324\" height=\"160\" class=\"entry-thumb\" src=\"https:\/\/www.colombiatudestino.com\/viajes\/wp-content\/uploads\/2018\/09\/destacada-cristales-324x160.jpg\" srcset=\"https:\/\/www.colombiatudestino.com\/viajes\/wp-content\/uploads\/2018\/09\/destacada-cristales-324x160.jpg 324w, https:\/\/www.colombiatudestino.com\/viajes\/wp-content\/uploads\/2018\/09\/destacada-cristales-533x261.jpg 533w\" sizes=\"(max-width: 324px) 100vw, 324px\" alt=\"\" title=\"Ca\u00f1o Cristales, el r\u00edo de los siete colores\"\/><\/a><\/div>            <div class=\"td-meta-info-container\">\r\n                <div class=\"td-meta-align\">\r\n                    <div class=\"td-big-grid-meta\">\r\n                        <a href=\"https:\/\/www.colombiatudestino.com\/viajes\/category\/sin-categoria\/\" class=\"td-post-category\">Sin categor\u00eda<\/a>                        <h3 class=\"entry-title td-module-title\"><a href=\"https:\/\/www.colombiatudestino.com\/viajes\/cano-cristales-el-rio-de-los-siete-colores\/\" rel=\"bookmark\" title=\"Ca\u00f1o Cristales, el r\u00edo de los siete colores\">Ca\u00f1o Cristales, el r\u00edo de los siete colores<\/a><\/h3>                    <\/div>\r\n                <\/div>\r\n            <\/div>\r\n\r\n        <\/div>\r\n\r\n        \r\n        <div class=\"td_module_mx10 td-animation-stack td-big-grid-post-3 td-big-grid-post td-small-thumb\">\r\n            <div class=\"td-module-thumb\"><a href=\"https:\/\/www.colombiatudestino.com\/viajes\/por-que-visitar-capurgana\/\" rel=\"bookmark\" title=\"Por qu\u00e9 visitar Capurgan\u00e1\"><img width=\"324\" height=\"160\" class=\"entry-thumb\" src=\"https:\/\/www.colombiatudestino.com\/viajes\/wp-content\/uploads\/2018\/04\/destacada-324x160.jpg\" srcset=\"https:\/\/www.colombiatudestino.com\/viajes\/wp-content\/uploads\/2018\/04\/destacada-324x160.jpg 324w, https:\/\/www.colombiatudestino.com\/viajes\/wp-content\/uploads\/2018\/04\/destacada-533x261.jpg 533w\" sizes=\"(max-width: 324px) 100vw, 324px\" alt=\"\" title=\"Por qu\u00e9 visitar Capurgan\u00e1\"\/><\/a><\/div>            <div class=\"td-meta-info-container\">\r\n                <div class=\"td-meta-align\">\r\n                    <div class=\"td-big-grid-meta\">\r\n                        <a href=\"https:\/\/www.colombiatudestino.com\/viajes\/category\/destinos\/naturaleza\/\" class=\"td-post-category\">Naturaleza<\/a>                        <h3 class=\"entry-title td-module-title\"><a href=\"https:\/\/www.colombiatudestino.com\/viajes\/por-que-visitar-capurgana\/\" rel=\"bookmark\" title=\"Por qu\u00e9 visitar Capurgan\u00e1\">Por qu\u00e9 visitar Capurgan\u00e1<\/a><\/h3>                    <\/div>\r\n                <\/div>\r\n            <\/div>\r\n\r\n        <\/div>\r\n\r\n        <\/div><\/div><div class=\"clearfix\"><\/div><\/div><\/div> <!-- .\/block --><\/div><\/div><\/div><\/div>","protected":false},"excerpt":{"rendered":"","protected":false},"author":4,"featured_media":0,"parent":0,"menu_order":0,"comment_status":"closed","ping_status":"closed","template":"page-pagebuilder-title.php","meta":[],"_links":{"self":[{"href":"https:\/\/www.colombiatudestino.com\/viajes\/wp-json\/wp\/v2\/pages\/1699"}],"collection":[{"href":"https:\/\/www.colombiatudestino.com\/viajes\/wp-json\/wp\/v2\/pages"}],"about":[{"href":"https:\/\/www.colombiatudestino.com\/viajes\/wp-json\/wp\/v2\/types\/page"}],"author":[{"embeddable":true,"href":"https:\/\/www.colombiatudestino.com\/viajes\/wp-json\/wp\/v2\/users\/4"}],"replies":[{"embeddable":true,"href":"https:\/\/www.colombiatudestino.com\/viajes\/wp-json\/wp\/v2\/comments?post=1699"}],"version-history":[{"count":19,"href":"https:\/\/www.colombiatudestino.com\/viajes\/wp-json\/wp\/v2\/pages\/1699\/revisions"}],"predecessor-version":[{"id":2087,"href":"https:\/\/www.colombiatudestino.com\/viajes\/wp-json\/wp\/v2\/pages\/1699\/revisions\/2087"}],"wp:attachment":[{"href":"https:\/\/www.colombiatudestino.com\/viajes\/wp-json\/wp\/v2\/media?parent=1699"}],"curies":[{"name":"wp","href":"https:\/\/api.w.org\/{rel}","templated":true}]}}