{"id":1714,"date":"2018-06-02T09:04:19","date_gmt":"2018-06-02T14:04:19","guid":{"rendered":"http:\/\/www.colombiatudestino.com\/viajes\/?page_id=1714"},"modified":"2019-01-03T18:19:03","modified_gmt":"2019-01-03T23:19:03","slug":"santa-marta","status":"publish","type":"page","link":"https:\/\/www.colombiatudestino.com\/viajes\/santa-marta\/","title":{"rendered":"Santa Marta"},"content":{"rendered":"<div id=\"td_uid_1_69e14c3402ff0\" class=\"tdc-row stretch_row_content td-stretch-content\"><div class=\"vc_row td_uid_1_69e14c3402fff_rand  wpb_row td-pb-row\" ><div class=\"vc_column td_uid_2_69e14c340309f_rand  wpb_column vc_column_container td-pb-span12\"><div class=\"wpb_wrapper\"><div class=\"wpb_wrapper td_block_single_image td_block_wrap vc_single_image td_uid_3_69e14c340312f_rand  td-single-image-\"><a style=\"background-image: url('https:\/\/www.colombiatudestino.com\/viajes\/wp-content\/uploads\/2018\/06\/playa-parque-tayrona-santa-marta-1920x572.jpg');height:572px; background-size: cover; background-repeat: no-repeat; background-position: center center;\" href=\"#\"  rel=\"bookmark\"><\/a><\/div><div class=\"wpb_wrapper td_block_separator td_block_wrap vc_separator td_uid_4_69e14c34033ec_rand  td_separator_solid td_separator_center\"><span style=\"border-color:#EBEBEB;border-width:5px;width:90%;\"><\/span><\/div><\/div><\/div><\/div><\/div><div id=\"td_uid_5_69e14c3403441\" class=\"tdc-row\"><div class=\"vc_row td_uid_5_69e14c3403444_rand  wpb_row td-pb-row\" ><div class=\"vc_column td_uid_6_69e14c3403536_rand  wpb_column vc_column_container td-pb-span12\"><div class=\"wpb_wrapper\"><div class=\"wpb_wrapper wpb_text_column td_block_wrap td_block_wrap vc_column_text td_uid_7_69e14c3403619_rand  td-pb-border-top td_block_template_1\"  data-td-block-uid=\"td_uid_7_69e14c3403619\" \"><div class=\"td-block-title-wrap\"><\/div><blockquote><p>La Ciudad m\u00e1s antigua de Colombia est\u00e1 llena de una magia dif\u00edcil de describir<\/p><\/blockquote>\n<p>Con su hermosa naturaleza y playas ex\u00f3ticas te permite disfrutar de un hermoso amanecer o una rom\u00e1ntica puesta de sol, una fina mezcla de olores y colores que te llevan a disfrutar una de las ciudades preferidas por los viajeros a la hora de planear unas buenas vacaciones<\/p>\n<p>Hermosas playas por descubrir, un para\u00edso que tienes que visitar al menos una vez. Seguramente han escuchado hablar del Parque Tayrona, es una realidad que debes vivir, es la combinaci\u00f3n de selva, playa y paisajes en un solo lugar.<\/p>\n<\/div><div class=\"wpb_wrapper td_block_separator td_block_wrap vc_separator td_uid_8_69e14c3404da3_rand  td_separator_solid td_separator_center\"><span style=\"border-color:#EBEBEB;border-width:5px;width:100%;\"><\/span><\/div><div class=\"wpb_wrapper td_block_wrap vc_raw_html td_uid_9_69e14c3404dca_rand \"><h2>PLAYAS QUE DEBES VISITAR<\/h2><\/div><div class=\"wpb_wrapper td_block_wrap vc_raw_html td_uid_10_69e14c3404e0b_rand \"><div id=\"td_uid_1_5b0968c8ae3a6\" class=\"td_block_inner\">\n\t\t<div class=\"td-block-row\">\n\t\t\t<!-- Inicio -->\n\t\t\t<div class=\"td-block-span4\">\n\t\t\t\t<div class=\"td_module_2 td_module_wrap td-animation-stack\">\n\t\t\t\t\t<div class=\"td-module-image\">\n\t\t\t\t\t\t<div class=\"td-module-thumb\">\n\t\t\t\t\t\t\t<img width=\"324\" height=\"160\" class=\"entry-thumb\" src=\"https:\/\/www.colombiatudestino.com\/viajes\/wp-content\/uploads\/2018\/06\/playa-cristal.jpg\" srcset=\"https:\/\/www.colombiatudestino.com\/viajes\/wp-content\/uploads\/2018\/06\/playa-cristal.jpg 324w, https:\/\/www.colombiatudestino.com\/viajes\/wp-content\/uploads\/2018\/06\/playa-cristal.jpg 533w\" sizes=\"(max-width: 324px) 100vw, 324px\" alt=\"Playa Cristal\" title=\"Playa Cristal\">\n\t\t\t\t\t\t<\/div>\n\t\t\t\t\t\t<a href=\"https:\/\/www.colombiatudestino.com\/viajes\/category\/destinos\/santa-marta\/\" class=\"td-post-category\">Santa Marta<\/a>\n\t\t\t\t\t<\/div>\n\t\t\t\t\t<h3 class=\"entry-title td-module-title\">Playa Cristal<\/h3>\n\t\t\t\t\t<div class=\"td-module-meta-info\">\n\t\t\t\t\t\t<span class=\"td-post-author-name\">\n\t\t\t\t\t\t\t<a href=\"https:\/\/www.colombiatudestino.com\/viajes\/\">Colombia tu destino<\/a>\n\t\t\t\t\t\t<\/span>\n\t\t\t\t\t<\/div>\n\t\t\t\t\t<div class=\"td-excerpt\">\n\t\t\t\t\t\tLlamada tambi\u00e9n playa del muerto es una de las reservas naturales del parque Tayrona. Al momento de ingresar a este maravilloso lugar, es necesario que pases por una estaci\u00f3n en la que te ense\u00f1an un corto video en el que te dan recomendaciones y tips para el  cuidado del lugar.<br>\nSus playas con arena blanca y sus azules aguas forman el escenario perfecto para tus vacaciones.  Dentro de las actividades que puedes hacer en el lugar est\u00e1 el snorkel, all\u00ed puedes apreciar las diferentes especies de peces que var\u00edan en colores y tama\u00f1os, tambi\u00e9n corales y diversidad de vida marina.\n\t\t\t\t\t<\/div>\n\t\t\t\t<\/div>\n\t\t\t<\/div>\n\t\t\t<!-- Fin -->\n\t\t\t<!-- Inicio -->\n\t\t\t<div class=\"td-block-span4\">\n\t\t\t\t<div class=\"td_module_2 td_module_wrap td-animation-stack\">\n\t\t\t\t\t<div class=\"td-module-image\">\n\t\t\t\t\t\t<div class=\"td-module-thumb\">\n\t\t\t\t\t\t\t<img width=\"324\" height=\"160\" class=\"entry-thumb\" src=\"https:\/\/www.colombiatudestino.com\/viajes\/wp-content\/uploads\/2018\/05\/playa-blanca-isla-baru-cartagena-533x261.jpg\" srcset=\"https:\/\/www.colombiatudestino.com\/viajes\/wp-content\/uploads\/2018\/05\/playa-blanca-isla-baru-cartagena-533x261.jpg 324w, https:\/\/www.colombiatudestino.com\/viajes\/wp-content\/uploads\/2018\/05\/playa-blanca-isla-baru-cartagena-533x261.jpg 533w\" sizes=\"(max-width: 324px) 100vw, 324px\" alt=\"Playa Granate\" title=\"Playa Granate\">\n\t\t\t\t\t\t<\/div>\n\t\t\t\t\t\t<a href=\"https:\/\/www.colombiatudestino.com\/viajes\/category\/destinos\/santa-marta\/\" class=\"td-post-category\">Santa Marta<\/a>\n\t\t\t\t\t<\/div>\n\t\t\t\t\t<h3 class=\"entry-title td-module-title\">Playa Granate<\/h3>\n\t\t\t\t\t<div class=\"td-module-meta-info\">\n\t\t\t\t\t\t<span class=\"td-post-author-name\">\n\t\t\t\t\t\t\t<a href=\"https:\/\/www.colombiatudestino.com\/viajes\/\">Colombia tu destino<\/a>\n\t\t\t\t\t\t<\/span>\n\t\t\t\t\t<\/div>\n\t\t\t\t\t<div class=\"td-excerpt\">\n\t\t\t\t\t\tSi lo que est\u00e1s buscando es un poco de tranquilidad, has llegado al lugar adecuado. Esta playa est\u00e1 dise\u00f1ada a tu medida, se caracteriza por ser un lugar bastante tranquilo y muy c\u00f3modo para las personas que quieren relajarse y tener un poco de privacidad. Debes tener en cuenta que este lugar no cuenta con comercio, por tal raz\u00f3n es necesario que empaques todo lo que pueda ser \u00fatil para pasar un d\u00eda tranquilo y feliz; no olvides llevar agua y alimentos ya que no encontrar\u00e1s ning\u00fan restaurante en la zona.\n\t\t\t\t\t<\/div>\n\t\t\t\t<\/div>\n\t\t\t<\/div>\n\t\t\t<!-- Fin -->\n\t\t\t<!-- Inicio -->\n\t\t\t<div class=\"td-block-span4\">\n\t\t\t\t<div class=\"td_module_2 td_module_wrap td-animation-stack\">\n\t\t\t\t\t<div class=\"td-module-image\">\n\t\t\t\t\t\t<div class=\"td-module-thumb\">\n\t\t\t\t\t\t\t<img width=\"324\" height=\"160\" class=\"entry-thumb\" src=\"https:\/\/www.colombiatudestino.com\/viajes\/wp-content\/uploads\/2018\/05\/islas-del-rosario-cartagena-533x261.jpg\" srcset=\"https:\/\/www.colombiatudestino.com\/viajes\/wp-content\/uploads\/2018\/05\/islas-del-rosario-cartagena-533x261.jpg 324w, https:\/\/www.colombiatudestino.com\/viajes\/wp-content\/uploads\/2018\/05\/islas-del-rosario-cartagena-533x261.jpg 533w\" sizes=\"(max-width: 324px) 100vw, 324px\" alt=\"Playa grande\" title=\"Playa grande\">\n\t\t\t\t\t\t<\/div>\n\t\t\t\t\t\t<a href=\"https:\/\/www.colombiatudestino.com\/viajes\/category\/destinos\/santa-marta\/\" class=\"td-post-category\">Santa Marta<\/a>\n\t\t\t\t\t<\/div>\n\t\t\t\t\t<h3 class=\"entry-title td-module-title\">Playa grande<\/h3>\n\t\t\t\t\t<div class=\"td-module-meta-info\">\n\t\t\t\t\t\t<span class=\"td-post-author-name\">\n\t\t\t\t\t\t\t<a href=\"https:\/\/www.colombiatudestino.com\/viajes\/\">Colombia tu destino<\/a>\n\t\t\t\t\t\t<\/span>\n\t\t\t\t\t<\/div>\n\t\t\t\t\t<div class=\"td-excerpt\">\n\t\t\t\t\t\tUn lugar con cristalinas aguas que te permitir\u00e1n pasar unas vacaciones inolvidables, all\u00ed encuentras diferentes kioscos que te ofrecen platos muy t\u00edpicos de la zona. Para ingresar a esta paradis\u00edaca isla tienes dos opciones, en lancha con un recorrido de aproximadamente 15 minutos o a trav\u00e9s de un sendero ecol\u00f3gico en un recorrido de  30 minutos que te permite tener una vista maravillosa al mar.\n\t\t\t\t\t<\/div>\n\t\t\t\t<\/div>\n\t\t\t<\/div>\n\t\t\t<!-- Fin -->\n\t\t<\/div><!--.\/row-fluid-->\n\t\t\n\t\t<div class=\"td-block-row\">\n\t\t\t<!-- Inicio -->\n\t\t\t<div class=\"td-block-span4\">\n\t\t\t\t<div class=\"td_module_2 td_module_wrap td-animation-stack\">\n\t\t\t\t\t<div class=\"td-module-image\">\n\t\t\t\t\t\t<div class=\"td-module-thumb\">\n\t\t\t\t\t\t\t<img width=\"324\" height=\"160\" class=\"entry-thumb\" src=\"https:\/\/www.colombiatudestino.com\/viajes\/wp-content\/uploads\/2018\/06\/bahia-concha.jpg\" srcset=\"https:\/\/www.colombiatudestino.com\/viajes\/wp-content\/uploads\/2018\/06\/bahia-concha.jpg 324w, https:\/\/www.colombiatudestino.com\/viajes\/wp-content\/uploads\/2018\/06\/bahia-concha.jpg 533w\" sizes=\"(max-width: 324px) 100vw, 324px\" alt=\"Bah\u00eda concha\" title=\"Bah\u00eda concha\">\n\t\t\t\t\t\t<\/div>\n\t\t\t\t\t\t<a href=\"https:\/\/www.colombiatudestino.com\/viajes\/category\/destinos\/santa-marta\/\" class=\"td-post-category\">Santa Marta<\/a>\n\t\t\t\t\t<\/div>\n\t\t\t\t\t<h3 class=\"entry-title td-module-title\">Bah\u00eda concha<\/h3>\n\t\t\t\t\t<div class=\"td-module-meta-info\">\n\t\t\t\t\t\t<span class=\"td-post-author-name\">\n\t\t\t\t\t\t\t<a href=\"https:\/\/www.colombiatudestino.com\/viajes\/\">Colombia tu destino<\/a>\n\t\t\t\t\t\t<\/span>\n\t\t\t\t\t<\/div>\n\t\t\t\t\t<div class=\"td-excerpt\">\n\t\t\t\t\t\tUna playa rodeada de verde vegetaci\u00f3n, es un para\u00edso que debes visitar por lo menos una vez en la vida.\nSu mar es muy tranquilo debido a las grandes monta\u00f1as que lo rodean, all\u00ed puedes disfrutar en sus cristalinas aguas, tomar un d\u00eda de sol en sus hermosas playas y disfrutar de la comida que ofrecen las personas del lugar.\n\t\t\t\t\t<\/div>\n\t\t\t\t<\/div>\n\t\t\t<\/div>\n\t\t\t<!-- Fin -->\n\t\t\t<!-- Inicio -->\n\t\t\t<div class=\"td-block-span4\">\n\t\t\t\t<div class=\"td_module_2 td_module_wrap td-animation-stack\">\n\t\t\t\t\t<div class=\"td-module-image\">\n\t\t\t\t\t\t<div class=\"td-module-thumb\">\n\t\t\t\t\t\t\t<img width=\"324\" height=\"160\" class=\"entry-thumb\" src=\"https:\/\/www.colombiatudestino.com\/viajes\/wp-content\/uploads\/2018\/12\/Neguanje-santamar-533x261.jpg\" srcset=\"https:\/\/www.colombiatudestino.com\/viajes\/wp-content\/uploads\/2018\/12\/Neguanje-santamar-533x261.jpg 324w, https:\/\/www.colombiatudestino.com\/viajes\/wp-content\/uploads\/2018\/12\/Neguanje-santamar-533x261.jpg 533w\" sizes=\"(max-width: 324px) 100vw, 324px\" alt=\"Neguanje\" title=\"Neguanje\">\n\t\t\t\t\t\t<\/div>\n\t\t\t\t\t\t<a href=\"https:\/\/www.colombiatudestino.com\/viajes\/category\/destinos\/santa-marta\/\" class=\"td-post-category\">Santa Marta<\/a>\n\t\t\t\t\t<\/div>\n\t\t\t\t\t<h3 class=\"entry-title td-module-title\">Neguanje<\/h3>\n\t\t\t\t\t<div class=\"td-module-meta-info\">\n\t\t\t\t\t\t<span class=\"td-post-author-name\">\n\t\t\t\t\t\t\t<a href=\"https:\/\/www.colombiatudestino.com\/viajes\/\">Colombia tu destino<\/a>\n\t\t\t\t\t\t<\/span>\n\t\t\t\t\t<\/div>\n\t\t\t\t\t<div class=\"td-excerpt\">\n\t\t\t\t\t\tSus imponentes paisajes y hermoso atardecer hacen de esta isla una de las m\u00e1s visitadas de Santa Marta.\nNeguanje es considerada la playa m\u00e1s grande del Tayrona, all\u00ed tienes la oportunidad de disfrutar de cerca la presencia de animales marinos y sumergirte en sus azules aguas.\n\t\t\t\t\t<\/div>\n\t\t\t\t<\/div>\n\t\t\t<\/div>\n\t\t\t<!-- Fin -->\n\t\t<\/div><!--.\/row-fluid-->\n\t<\/div><\/div><div class=\"wpb_wrapper td_block_separator td_block_wrap vc_separator td_uid_11_69e14c3404ee3_rand  td_separator_solid td_separator_center\"><span style=\"border-color:#EBEBEB;border-width:5px;width:100%;\"><\/span><\/div><div class=\"wpb_wrapper td_block_wrap vc_raw_html td_uid_12_69e14c3404ef1_rand \"><h2>CONOCE OTROS DESTINOS DE COLOMBIA<\/h2><\/div><\/div><\/div><\/div><\/div><div id=\"td_uid_12_69e14c3404f34\" class=\"tdc-row stretch_row_content td-stretch-content\"><div class=\"vc_row td_uid_13_69e14c3404f36_rand  wpb_row td-pb-row\" ><div class=\"vc_column td_uid_14_69e14c3404fda_rand  wpb_column vc_column_container td-pb-span12\"><div class=\"wpb_wrapper\"><div class=\"td_block_wrap td_block_big_grid_2 td_uid_16_69e14c3405dcb_rand td-grid-style-1 td-hover-1 td-big-grids td-pb-border-top td_block_template_1\"  data-td-block-uid=\"td_uid_16_69e14c3405dcb\" ><div id=td_uid_16_69e14c3405dcb class=\"td_block_inner\"><div class=\"td-big-grid-wrapper\">\r\n        <div class=\"td_module_mx9 td-animation-stack td-big-grid-post-0 td-big-grid-post td-big-thumb\">\r\n            <div class=\"td-module-thumb\"><a href=\"https:\/\/www.colombiatudestino.com\/viajes\/2-utiles-indispensables-que-no-deben-faltar-en-tu-mochila-si-viajas-a-cartagena\/\" rel=\"bookmark\" title=\"2 \u00fatiles indispensables que no deben faltar en tu mochila si viajas a Cartagena\"><img width=\"741\" height=\"486\" class=\"entry-thumb\" src=\"https:\/\/www.colombiatudestino.com\/viajes\/wp-content\/themes\/Newspaper\/images\/no-thumb\/td_741x486.png\" alt=\"\"\/><\/a><\/div>            <div class=\"td-meta-info-container\">\r\n                <div class=\"td-meta-align\">\r\n                    <div class=\"td-big-grid-meta\">\r\n                        <a href=\"https:\/\/www.colombiatudestino.com\/viajes\/category\/tips\/\" class=\"td-post-category\">Tips<\/a>                        <h3 class=\"entry-title td-module-title\"><a href=\"https:\/\/www.colombiatudestino.com\/viajes\/2-utiles-indispensables-que-no-deben-faltar-en-tu-mochila-si-viajas-a-cartagena\/\" rel=\"bookmark\" title=\"2 \u00fatiles indispensables que no deben faltar en tu mochila si viajas a Cartagena\">2 \u00fatiles indispensables que no deben faltar en tu mochila si viajas a Cartagena<\/a><\/h3>                    <\/div>\r\n                    <div class=\"td-module-meta-info\">\r\n                        <span class=\"td-post-author-name\"><a href=\"https:\/\/www.colombiatudestino.com\/viajes\/author\/colreservas\/\">colreservas<\/a> <span>-<\/span> <\/span>                        <span class=\"td-post-date\"><time class=\"entry-date updated td-module-date\" datetime=\"2020-09-02T11:38:33+00:00\" >2 septiembre, 2020<\/time><\/span>                    <\/div>\r\n                <\/div>\r\n            <\/div>\r\n\r\n        <\/div>\r\n\r\n        <div class=\"td-big-grid-scroll\">\r\n        <div class=\"td_module_mx10 td-animation-stack td-big-grid-post-1 td-big-grid-post td-small-thumb\">\r\n            <div class=\"td-module-thumb\"><a href=\"https:\/\/www.colombiatudestino.com\/viajes\/colores-del-amazonas\/\" rel=\"bookmark\" title=\"Colores del Amazonas\"><img width=\"324\" height=\"160\" class=\"entry-thumb\" src=\"https:\/\/www.colombiatudestino.com\/viajes\/wp-content\/uploads\/2018\/10\/amazonas6-324x160.jpg\" srcset=\"https:\/\/www.colombiatudestino.com\/viajes\/wp-content\/uploads\/2018\/10\/amazonas6-324x160.jpg 324w, https:\/\/www.colombiatudestino.com\/viajes\/wp-content\/uploads\/2018\/10\/amazonas6-533x261.jpg 533w\" sizes=\"(max-width: 324px) 100vw, 324px\" alt=\"\" title=\"Colores del Amazonas\"\/><\/a><\/div>            <div class=\"td-meta-info-container\">\r\n                <div class=\"td-meta-align\">\r\n                    <div class=\"td-big-grid-meta\">\r\n                        <a href=\"https:\/\/www.colombiatudestino.com\/viajes\/category\/sin-categoria\/\" class=\"td-post-category\">Sin categor\u00eda<\/a>                        <h3 class=\"entry-title td-module-title\"><a href=\"https:\/\/www.colombiatudestino.com\/viajes\/colores-del-amazonas\/\" rel=\"bookmark\" title=\"Colores del Amazonas\">Colores del Amazonas<\/a><\/h3>                    <\/div>\r\n                <\/div>\r\n            <\/div>\r\n\r\n        <\/div>\r\n\r\n        \r\n        <div class=\"td_module_mx10 td-animation-stack td-big-grid-post-2 td-big-grid-post td-small-thumb\">\r\n            <div class=\"td-module-thumb\"><a href=\"https:\/\/www.colombiatudestino.com\/viajes\/cano-cristales-el-rio-de-los-siete-colores\/\" rel=\"bookmark\" title=\"Ca\u00f1o Cristales, el r\u00edo de los siete colores\"><img width=\"324\" height=\"160\" class=\"entry-thumb\" src=\"https:\/\/www.colombiatudestino.com\/viajes\/wp-content\/uploads\/2018\/09\/destacada-cristales-324x160.jpg\" srcset=\"https:\/\/www.colombiatudestino.com\/viajes\/wp-content\/uploads\/2018\/09\/destacada-cristales-324x160.jpg 324w, https:\/\/www.colombiatudestino.com\/viajes\/wp-content\/uploads\/2018\/09\/destacada-cristales-533x261.jpg 533w\" sizes=\"(max-width: 324px) 100vw, 324px\" alt=\"\" title=\"Ca\u00f1o Cristales, el r\u00edo de los siete colores\"\/><\/a><\/div>            <div class=\"td-meta-info-container\">\r\n                <div class=\"td-meta-align\">\r\n                    <div class=\"td-big-grid-meta\">\r\n                        <a href=\"https:\/\/www.colombiatudestino.com\/viajes\/category\/sin-categoria\/\" class=\"td-post-category\">Sin categor\u00eda<\/a>                        <h3 class=\"entry-title td-module-title\"><a href=\"https:\/\/www.colombiatudestino.com\/viajes\/cano-cristales-el-rio-de-los-siete-colores\/\" rel=\"bookmark\" title=\"Ca\u00f1o Cristales, el r\u00edo de los siete colores\">Ca\u00f1o Cristales, el r\u00edo de los siete colores<\/a><\/h3>                    <\/div>\r\n                <\/div>\r\n            <\/div>\r\n\r\n        <\/div>\r\n\r\n        \r\n        <div class=\"td_module_mx10 td-animation-stack td-big-grid-post-3 td-big-grid-post td-small-thumb\">\r\n            <div class=\"td-module-thumb\"><a href=\"https:\/\/www.colombiatudestino.com\/viajes\/por-que-visitar-capurgana\/\" rel=\"bookmark\" title=\"Por qu\u00e9 visitar Capurgan\u00e1\"><img width=\"324\" height=\"160\" class=\"entry-thumb\" src=\"https:\/\/www.colombiatudestino.com\/viajes\/wp-content\/uploads\/2018\/04\/destacada-324x160.jpg\" srcset=\"https:\/\/www.colombiatudestino.com\/viajes\/wp-content\/uploads\/2018\/04\/destacada-324x160.jpg 324w, https:\/\/www.colombiatudestino.com\/viajes\/wp-content\/uploads\/2018\/04\/destacada-533x261.jpg 533w\" sizes=\"(max-width: 324px) 100vw, 324px\" alt=\"\" title=\"Por qu\u00e9 visitar Capurgan\u00e1\"\/><\/a><\/div>            <div class=\"td-meta-info-container\">\r\n                <div class=\"td-meta-align\">\r\n                    <div class=\"td-big-grid-meta\">\r\n                        <a href=\"https:\/\/www.colombiatudestino.com\/viajes\/category\/destinos\/naturaleza\/\" class=\"td-post-category\">Naturaleza<\/a>                        <h3 class=\"entry-title td-module-title\"><a href=\"https:\/\/www.colombiatudestino.com\/viajes\/por-que-visitar-capurgana\/\" rel=\"bookmark\" title=\"Por qu\u00e9 visitar Capurgan\u00e1\">Por qu\u00e9 visitar Capurgan\u00e1<\/a><\/h3>                    <\/div>\r\n                <\/div>\r\n            <\/div>\r\n\r\n        <\/div>\r\n\r\n        <\/div><\/div><div class=\"clearfix\"><\/div><\/div><\/div> <!-- .\/block --><\/div><\/div><\/div><\/div>","protected":false},"excerpt":{"rendered":"","protected":false},"author":4,"featured_media":0,"parent":0,"menu_order":0,"comment_status":"closed","ping_status":"closed","template":"page-pagebuilder-title.php","meta":[],"_links":{"self":[{"href":"https:\/\/www.colombiatudestino.com\/viajes\/wp-json\/wp\/v2\/pages\/1714"}],"collection":[{"href":"https:\/\/www.colombiatudestino.com\/viajes\/wp-json\/wp\/v2\/pages"}],"about":[{"href":"https:\/\/www.colombiatudestino.com\/viajes\/wp-json\/wp\/v2\/types\/page"}],"author":[{"embeddable":true,"href":"https:\/\/www.colombiatudestino.com\/viajes\/wp-json\/wp\/v2\/users\/4"}],"replies":[{"embeddable":true,"href":"https:\/\/www.colombiatudestino.com\/viajes\/wp-json\/wp\/v2\/comments?post=1714"}],"version-history":[{"count":12,"href":"https:\/\/www.colombiatudestino.com\/viajes\/wp-json\/wp\/v2\/pages\/1714\/revisions"}],"predecessor-version":[{"id":2091,"href":"https:\/\/www.colombiatudestino.com\/viajes\/wp-json\/wp\/v2\/pages\/1714\/revisions\/2091"}],"wp:attachment":[{"href":"https:\/\/www.colombiatudestino.com\/viajes\/wp-json\/wp\/v2\/media?parent=1714"}],"curies":[{"name":"wp","href":"https:\/\/api.w.org\/{rel}","templated":true}]}}