{"id":1748,"date":"2018-06-07T08:03:25","date_gmt":"2018-06-07T13:03:25","guid":{"rendered":"http:\/\/www.colombiatudestino.com\/viajes\/?page_id=1748"},"modified":"2019-01-02T17:20:19","modified_gmt":"2019-01-02T22:20:19","slug":"bahia-solano","status":"publish","type":"page","link":"https:\/\/www.colombiatudestino.com\/viajes\/bahia-solano\/","title":{"rendered":"Bah\u00eda Solano"},"content":{"rendered":"<div id=\"td_uid_1_69e47c44dc0ba\" class=\"tdc-row stretch_row_content td-stretch-content\"><div class=\"vc_row td_uid_1_69e47c44dc0c5_rand  wpb_row td-pb-row\" ><div class=\"vc_column td_uid_2_69e47c44dc168_rand  wpb_column vc_column_container td-pb-span12\"><div class=\"wpb_wrapper\"><div class=\"wpb_wrapper td_block_single_image td_block_wrap vc_single_image td_uid_3_69e47c44dc24a_rand  td-single-image-\"><a style=\"background-image: url('https:\/\/www.colombiatudestino.com\/viajes\/wp-content\/uploads\/2018\/06\/cap.jpg');height:572px; background-size: cover; background-repeat: no-repeat; background-position: center center;\" href=\"#\"  rel=\"bookmark\"><\/a><\/div><div class=\"wpb_wrapper td_block_separator td_block_wrap vc_separator td_uid_4_69e47c44dc4fe_rand  td_separator_solid td_separator_center\"><span style=\"border-color:#EBEBEB;border-width:4px;width:90%;\"><\/span><\/div><\/div><\/div><\/div><\/div><div id=\"td_uid_5_69e47c44dc539\" class=\"tdc-row\"><div class=\"vc_row td_uid_5_69e47c44dc53b_rand  wpb_row td-pb-row\" ><div class=\"vc_column td_uid_6_69e47c44dc667_rand  wpb_column vc_column_container td-pb-span12\"><div class=\"wpb_wrapper\"><div class=\"wpb_wrapper wpb_text_column td_block_wrap td_block_wrap vc_column_text td_uid_7_69e47c44dc763_rand  td-pb-border-top td_block_template_1\"  data-td-block-uid=\"td_uid_7_69e47c44dc763\" \"><div class=\"td-block-title-wrap\"><\/div><blockquote><p>Un lugar m&aacute;gico por descubrir, paisajes inimaginables que resguardar la majestuosidad de sus bosques y una extensa variedad de aves.<\/p><\/blockquote>\n<p>Hermosos paisajes, recursos naturales y la calidez de sus habitantes hacen de tu paso por Bah&iacute;a Solano una experiencia inolvidable.<br \/> Este municipio chocoano tiene lugares maravillosos por conocer, por donde camines disfrutas de la naturaleza en su m&aacute;xima expresi&oacute;n.<\/p>\n<\/div><div class=\"wpb_wrapper td_block_separator td_block_wrap vc_separator td_uid_8_69e47c44dd587_rand  td_separator_solid td_separator_center\"><span style=\"border-color:#EBEBEB;border-width:4px;width:100%;\"><\/span><\/div><div class=\"wpb_wrapper td_block_wrap vc_raw_html td_uid_9_69e47c44dd5a7_rand \"><h2>LUGARES QUE DEBES VISITAR<\/h2><\/div><div class=\"wpb_wrapper td_block_wrap vc_raw_html td_uid_10_69e47c44dd5cd_rand \"><div class=\"td_module_11 td_module_wrap td-animation-stack\">\n            <div class=\"td-module-thumb\"><img width=\"324\" height=\"235\" class=\"entry-thumb\" src=\"http:\/\/www.colombiatudestino.com\/viajes\/wp-content\/uploads\/2018\/06\/Turistas-fotografiando-ball.jpg\" alt=\"Avistamiento de ballenas\" title=\"Avistamiento de ballenas\"><\/div>\n            <div class=\"item-details\">\n                <h3 class=\"entry-title td-module-title\">Avistamiento de ballenas<\/h3>\n                <div class=\"td-module-meta-info\">\n                    <a href=\"http:\/\/www.colombiatudestino.com\/viajes\/category\/destinos\/\" class=\"td-post-category\">Bah\u00eda Solano<\/a>                    <span class=\"td-post-author-name\"><a href=\"http:\/\/www.colombiatudestino.com\/viajes\/\">Colombia Tu Destino<\/a> <\/span><\/div>\n\n                <div class=\"td-excerpt\">\n                    \nSi \u00a1Avistamiento de ballenas!, que momento m\u00e1s loco y hermoso. Entre el 01 de julio al 20 de octubre puedes hacer avistamiento de ballenas en el pac\u00edfico Colombiano. Te embarcas en una lancha y te adentras en las aguas del pacifico, una cita con uno de los momentos m\u00e1s especiales de tu vida, ver como las ballenas escogen las aguas de nuestra Colombia para traer al mundo a sus peque\u00f1os ballenatos. <br><br>\nSiente la emoci\u00f3n de ver las Ballenas Jorobadas que llegan cada a\u00f1o al pac\u00edfico Colombiano entre Junio y Octubre. Disfruta navegar por lugares hermosos y ex\u00f3ticos en Bah\u00eda Solano y sus alrededores para poder apreciar estos hermosos y gigantes mam\u00edferos que te sorprender\u00e1n, un momento ideal que jam\u00e1s olvidar\u00e1s y que puedes compartir con quien prefieras.<\/div>\n            <\/div>\n        <\/div>\n<div class=\"td_module_11 td_module_wrap td-animation-stack\">\n            <div class=\"td-module-thumb\"><img width=\"324\" height=\"235\" class=\"entry-thumb\" src=\"http:\/\/www.colombiatudestino.com\/viajes\/wp-content\/uploads\/2018\/06\/cascada.jpg\" alt=\"Cascadas del Chad\u00f3 y el tigre\" title=\"Cascadas del Chad\u00f3 y el tigres\"><\/div>\n            <div class=\"item-details\">\n                <h3 class=\"entry-title td-module-title\">Cascadas del Chad\u00f3 y el tigre<\/h3>\n                <div class=\"td-module-meta-info\">\n                    <a href=\"http:\/\/www.colombiatudestino.com\/viajes\/category\/destinos\/\" class=\"td-post-category\">Bah\u00eda Solano<\/a>                    <span class=\"td-post-author-name\"><a href=\"http:\/\/www.colombiatudestino.com\/viajes\/\">Colombia Tu Destino<\/a> <\/span><\/div>\n\n                <div class=\"td-excerpt\">\n                    \nHermosos arroyos caen en cascadas donde se puede disfrutar de un ba\u00f1o refrescante. El paisaje no pod\u00eda ser mejor, riachuelos, cascadas, plantas, \u00e1rboles inmensos y aves hermosas cargadas de encanto. La caminata es un poco larga, pero cada minuto vale la pena.\nEn la noche puedes escuchar a unas cantoras de la zona, unas mulatas alegres con una energ\u00eda que te contagia, sus cantos son hermosos, los ritmos de sus instrumentos combinan perfectamente con el ambiente y una buena fogata.  <br><br>La silvestre playa Chad\u00f3, est\u00e1 enmarcada por el R\u00edo Cascadas en un extremo y el R\u00edo Chad\u00f3 por el otro, es un escenario perfecto para disfrutar de aguas frescas en medio de la naturaleza.\n<\/div>\n            <\/div>\n        <\/div>\n\n<div class=\"td_module_11 td_module_wrap td-animation-stack\">\n            <div class=\"td-module-thumb\"><img width=\"324\" height=\"235\" class=\"entry-thumb\" src=\"http:\/\/www.colombiatudestino.com\/viajes\/wp-content\/uploads\/2018\/06\/ut.jpg\" alt=\"Parque natural ensenada Utria\" title=\"Parque natural ensenada Utria\"><\/div>\n            <div class=\"item-details\">\n                <h3 class=\"entry-title td-module-title\">Parque natural ensenada Utria<\/h3>\n                <div class=\"td-module-meta-info\">\n                    <a href=\"http:\/\/www.colombiatudestino.com\/viajes\/category\/destinos\/\" class=\"td-post-category\">Bah\u00eda Solano<\/a>                    <span class=\"td-post-author-name\"><a href=\"http:\/\/www.colombiatudestino.com\/viajes\/\">Colombia Tu Destino<\/a> <\/span><\/div>\n\n                <div class=\"td-excerpt\">\n                    \nPocos lugares re\u00fanen tanto misterio y belleza a la vez, como la Ensenada de Utr\u00eda ubicada en la costa norte del Pac\u00edfico colombiano, en el departamento del Choc\u00f3. Hacia el sur, el visitante observar\u00e1 una serie de estribaciones monta\u00f1osas cubiertas de exuberante selva tropical que cortan el mar semiocultas entre la bruma, sus calmadas y c\u00e1lidas aguas son un lugar propicio para la llegada de especies migratorias como tortugas marinas, aves y ballenas y el sitio ideal para el desove de peces como la aguja ensenade\u00f1a<br><br>La Ensenada es un paisaje cambiante que crece y decrece seg\u00fan la marea, mientras que los sinuosos esteros entre el manglar alcanzan mutaciones a\u00fan m\u00e1s dram\u00e1ticas con sus cambios\n<\/div>\n            <\/div>\n        <\/div><\/div><div class=\"wpb_wrapper td_block_separator td_block_wrap vc_separator td_uid_11_69e47c44dd642_rand  td_separator_solid td_separator_center\"><span style=\"border-color:#EBEBEB;border-width:4px;width:100%;\"><\/span><\/div><div class=\"wpb_wrapper td_block_wrap vc_raw_html td_uid_12_69e47c44dd64f_rand \"><h2>PLANES A BAH\u00cdA SOLANO<\/h2><\/div><div class=\"td_block_wrap td_block_image_box td_uid_13_69e47c44dd6ed_rand td-pb-border-top td_block_template_1\"  data-td-block-uid=\"td_uid_13_69e47c44dd6ed\" ><div class=\"td-block-title-wrap\"><\/div><div class=\"td-image-box-row td-big-image\" style=\"\"><div class=\"td-image-box-span\" style=\"\"><div class=\"td-custom\"><div class=\"td-custom-image\"><a style=\"background-image: url('https:\/\/www.colombiatudestino.com\/viajes\/wp-content\/uploads\/2018\/06\/shutterstock_534311299.jpg');\" href=\"https:\/\/www.colombiatudestino.com\/colombia\/choco\/elalmejal\/ballenaselalmejal.php\"  target=\"_blank\"  rel=\"bookmark\" title=\"Avistamiento de ballenas\"><\/a><\/div><div class=\"td-custom-title\"><h3 class=\"entry-title\"><a href=\"https:\/\/www.colombiatudestino.com\/colombia\/choco\/elalmejal\/ballenaselalmejal.php\">Avistamiento de ballenas<\/a><\/h3><\/div><\/div><\/div><\/div><\/div><div class=\"wpb_wrapper td_block_separator td_block_wrap vc_separator td_uid_14_69e47c44ddc63_rand  td_separator_solid td_separator_center\"><span style=\"border-color:#EBEBEB;border-width:4px;width:100%;\"><\/span><\/div><div class=\"wpb_wrapper td_block_wrap vc_raw_html td_uid_15_69e47c44ddc77_rand \"><h2>CONOCE OTROS DESTINOS DE COLOMBIA<\/h2><\/div><\/div><\/div><\/div><\/div><div id=\"td_uid_14_69e47c44ddcb7\" class=\"tdc-row stretch_row_content td-stretch-content\"><div class=\"vc_row td_uid_16_69e47c44ddcb9_rand  wpb_row td-pb-row\" ><div class=\"vc_column td_uid_17_69e47c44ddd43_rand  wpb_column vc_column_container td-pb-span12\"><div class=\"wpb_wrapper\"><div class=\"td_block_wrap td_block_big_grid_2 td_uid_19_69e47c44deb56_rand td-grid-style-1 td-hover-1 td-big-grids td-pb-border-top td_block_template_1\"  data-td-block-uid=\"td_uid_19_69e47c44deb56\" ><div id=td_uid_19_69e47c44deb56 class=\"td_block_inner\"><div class=\"td-big-grid-wrapper\">\r\n        <div class=\"td_module_mx9 td-animation-stack td-big-grid-post-0 td-big-grid-post td-big-thumb\">\r\n            <div class=\"td-module-thumb\"><a href=\"https:\/\/www.colombiatudestino.com\/viajes\/2-utiles-indispensables-que-no-deben-faltar-en-tu-mochila-si-viajas-a-cartagena\/\" rel=\"bookmark\" title=\"2 \u00fatiles indispensables que no deben faltar en tu mochila si viajas a Cartagena\"><img width=\"741\" height=\"486\" class=\"entry-thumb\" src=\"https:\/\/www.colombiatudestino.com\/viajes\/wp-content\/themes\/Newspaper\/images\/no-thumb\/td_741x486.png\" alt=\"\"\/><\/a><\/div>            <div class=\"td-meta-info-container\">\r\n                <div class=\"td-meta-align\">\r\n                    <div class=\"td-big-grid-meta\">\r\n                        <a href=\"https:\/\/www.colombiatudestino.com\/viajes\/category\/tips\/\" class=\"td-post-category\">Tips<\/a>                        <h3 class=\"entry-title td-module-title\"><a href=\"https:\/\/www.colombiatudestino.com\/viajes\/2-utiles-indispensables-que-no-deben-faltar-en-tu-mochila-si-viajas-a-cartagena\/\" rel=\"bookmark\" title=\"2 \u00fatiles indispensables que no deben faltar en tu mochila si viajas a Cartagena\">2 \u00fatiles indispensables que no deben faltar en tu mochila si viajas a Cartagena<\/a><\/h3>                    <\/div>\r\n                    <div class=\"td-module-meta-info\">\r\n                        <span class=\"td-post-author-name\"><a href=\"https:\/\/www.colombiatudestino.com\/viajes\/author\/colreservas\/\">colreservas<\/a> <span>-<\/span> <\/span>                        <span class=\"td-post-date\"><time class=\"entry-date updated td-module-date\" datetime=\"2020-09-02T11:38:33+00:00\" >2 septiembre, 2020<\/time><\/span>                    <\/div>\r\n                <\/div>\r\n            <\/div>\r\n\r\n        <\/div>\r\n\r\n        <div class=\"td-big-grid-scroll\">\r\n        <div class=\"td_module_mx10 td-animation-stack td-big-grid-post-1 td-big-grid-post td-small-thumb\">\r\n            <div class=\"td-module-thumb\"><a href=\"https:\/\/www.colombiatudestino.com\/viajes\/colores-del-amazonas\/\" rel=\"bookmark\" title=\"Colores del Amazonas\"><img width=\"324\" height=\"160\" class=\"entry-thumb\" src=\"https:\/\/www.colombiatudestino.com\/viajes\/wp-content\/uploads\/2018\/10\/amazonas6-324x160.jpg\" srcset=\"https:\/\/www.colombiatudestino.com\/viajes\/wp-content\/uploads\/2018\/10\/amazonas6-324x160.jpg 324w, https:\/\/www.colombiatudestino.com\/viajes\/wp-content\/uploads\/2018\/10\/amazonas6-533x261.jpg 533w\" sizes=\"(max-width: 324px) 100vw, 324px\" alt=\"\" title=\"Colores del Amazonas\"\/><\/a><\/div>            <div class=\"td-meta-info-container\">\r\n                <div class=\"td-meta-align\">\r\n                    <div class=\"td-big-grid-meta\">\r\n                        <a href=\"https:\/\/www.colombiatudestino.com\/viajes\/category\/sin-categoria\/\" class=\"td-post-category\">Sin categor\u00eda<\/a>                        <h3 class=\"entry-title td-module-title\"><a href=\"https:\/\/www.colombiatudestino.com\/viajes\/colores-del-amazonas\/\" rel=\"bookmark\" title=\"Colores del Amazonas\">Colores del Amazonas<\/a><\/h3>                    <\/div>\r\n                <\/div>\r\n            <\/div>\r\n\r\n        <\/div>\r\n\r\n        \r\n        <div class=\"td_module_mx10 td-animation-stack td-big-grid-post-2 td-big-grid-post td-small-thumb\">\r\n            <div class=\"td-module-thumb\"><a href=\"https:\/\/www.colombiatudestino.com\/viajes\/cano-cristales-el-rio-de-los-siete-colores\/\" rel=\"bookmark\" title=\"Ca\u00f1o Cristales, el r\u00edo de los siete colores\"><img width=\"324\" height=\"160\" class=\"entry-thumb\" src=\"https:\/\/www.colombiatudestino.com\/viajes\/wp-content\/uploads\/2018\/09\/destacada-cristales-324x160.jpg\" srcset=\"https:\/\/www.colombiatudestino.com\/viajes\/wp-content\/uploads\/2018\/09\/destacada-cristales-324x160.jpg 324w, https:\/\/www.colombiatudestino.com\/viajes\/wp-content\/uploads\/2018\/09\/destacada-cristales-533x261.jpg 533w\" sizes=\"(max-width: 324px) 100vw, 324px\" alt=\"\" title=\"Ca\u00f1o Cristales, el r\u00edo de los siete colores\"\/><\/a><\/div>            <div class=\"td-meta-info-container\">\r\n                <div class=\"td-meta-align\">\r\n                    <div class=\"td-big-grid-meta\">\r\n                        <a href=\"https:\/\/www.colombiatudestino.com\/viajes\/category\/sin-categoria\/\" class=\"td-post-category\">Sin categor\u00eda<\/a>                        <h3 class=\"entry-title td-module-title\"><a href=\"https:\/\/www.colombiatudestino.com\/viajes\/cano-cristales-el-rio-de-los-siete-colores\/\" rel=\"bookmark\" title=\"Ca\u00f1o Cristales, el r\u00edo de los siete colores\">Ca\u00f1o Cristales, el r\u00edo de los siete colores<\/a><\/h3>                    <\/div>\r\n                <\/div>\r\n            <\/div>\r\n\r\n        <\/div>\r\n\r\n        \r\n        <div class=\"td_module_mx10 td-animation-stack td-big-grid-post-3 td-big-grid-post td-small-thumb\">\r\n            <div class=\"td-module-thumb\"><a href=\"https:\/\/www.colombiatudestino.com\/viajes\/por-que-visitar-capurgana\/\" rel=\"bookmark\" title=\"Por qu\u00e9 visitar Capurgan\u00e1\"><img width=\"324\" height=\"160\" class=\"entry-thumb\" src=\"https:\/\/www.colombiatudestino.com\/viajes\/wp-content\/uploads\/2018\/04\/destacada-324x160.jpg\" srcset=\"https:\/\/www.colombiatudestino.com\/viajes\/wp-content\/uploads\/2018\/04\/destacada-324x160.jpg 324w, https:\/\/www.colombiatudestino.com\/viajes\/wp-content\/uploads\/2018\/04\/destacada-533x261.jpg 533w\" sizes=\"(max-width: 324px) 100vw, 324px\" alt=\"\" title=\"Por qu\u00e9 visitar Capurgan\u00e1\"\/><\/a><\/div>            <div class=\"td-meta-info-container\">\r\n                <div class=\"td-meta-align\">\r\n                    <div class=\"td-big-grid-meta\">\r\n                        <a href=\"https:\/\/www.colombiatudestino.com\/viajes\/category\/destinos\/naturaleza\/\" class=\"td-post-category\">Naturaleza<\/a>                        <h3 class=\"entry-title td-module-title\"><a href=\"https:\/\/www.colombiatudestino.com\/viajes\/por-que-visitar-capurgana\/\" rel=\"bookmark\" title=\"Por qu\u00e9 visitar Capurgan\u00e1\">Por qu\u00e9 visitar Capurgan\u00e1<\/a><\/h3>                    <\/div>\r\n                <\/div>\r\n            <\/div>\r\n\r\n        <\/div>\r\n\r\n        <\/div><\/div><div class=\"clearfix\"><\/div><\/div><\/div> <!-- .\/block --><\/div><\/div><\/div><\/div>","protected":false},"excerpt":{"rendered":"","protected":false},"author":4,"featured_media":0,"parent":0,"menu_order":0,"comment_status":"closed","ping_status":"closed","template":"page-pagebuilder-title.php","meta":[],"_links":{"self":[{"href":"https:\/\/www.colombiatudestino.com\/viajes\/wp-json\/wp\/v2\/pages\/1748"}],"collection":[{"href":"https:\/\/www.colombiatudestino.com\/viajes\/wp-json\/wp\/v2\/pages"}],"about":[{"href":"https:\/\/www.colombiatudestino.com\/viajes\/wp-json\/wp\/v2\/types\/page"}],"author":[{"embeddable":true,"href":"https:\/\/www.colombiatudestino.com\/viajes\/wp-json\/wp\/v2\/users\/4"}],"replies":[{"embeddable":true,"href":"https:\/\/www.colombiatudestino.com\/viajes\/wp-json\/wp\/v2\/comments?post=1748"}],"version-history":[{"count":15,"href":"https:\/\/www.colombiatudestino.com\/viajes\/wp-json\/wp\/v2\/pages\/1748\/revisions"}],"predecessor-version":[{"id":2083,"href":"https:\/\/www.colombiatudestino.com\/viajes\/wp-json\/wp\/v2\/pages\/1748\/revisions\/2083"}],"wp:attachment":[{"href":"https:\/\/www.colombiatudestino.com\/viajes\/wp-json\/wp\/v2\/media?parent=1748"}],"curies":[{"name":"wp","href":"https:\/\/api.w.org\/{rel}","templated":true}]}}