{"id":1763,"date":"2018-06-07T09:12:37","date_gmt":"2018-06-07T14:12:37","guid":{"rendered":"http:\/\/www.colombiatudestino.com\/viajes\/?page_id=1763"},"modified":"2018-08-15T11:06:17","modified_gmt":"2018-08-15T16:06:17","slug":"capurgana","status":"publish","type":"page","link":"https:\/\/www.colombiatudestino.com\/viajes\/capurgana\/","title":{"rendered":"Capurgan\u00e1"},"content":{"rendered":"<div id=\"td_uid_1_69e47c6fb84b8\" class=\"tdc-row stretch_row_content td-stretch-content\"><div class=\"vc_row td_uid_1_69e47c6fb84c3_rand  wpb_row td-pb-row\" ><div class=\"vc_column td_uid_2_69e47c6fb852b_rand  wpb_column vc_column_container td-pb-span12\"><div class=\"wpb_wrapper\"><div class=\"wpb_wrapper td_block_single_image td_block_wrap vc_single_image td_uid_3_69e47c6fb8569_rand  td-single-image-\"><a style=\"background-image: url('https:\/\/www.colombiatudestino.com\/viajes\/wp-content\/uploads\/2018\/06\/capurgana-1920x572.jpg');height:572px; background-size: cover; background-repeat: no-repeat; background-position: center center;\" href=\"#\"  rel=\"bookmark\"><\/a><\/div><div class=\"wpb_wrapper td_block_separator td_block_wrap vc_separator td_uid_4_69e47c6fb8799_rand  td_separator_solid td_separator_center\"><span style=\"border-color:#EBEBEB;border-width:4px;width:90%;\"><\/span><\/div><\/div><\/div><\/div><\/div><div id=\"td_uid_5_69e47c6fb87ec\" class=\"tdc-row\"><div class=\"vc_row td_uid_5_69e47c6fb87ef_rand  wpb_row td-pb-row\" ><div class=\"vc_column td_uid_6_69e47c6fb88d2_rand  wpb_column vc_column_container td-pb-span12\"><div class=\"wpb_wrapper\"><div class=\"wpb_wrapper wpb_text_column td_block_wrap td_block_wrap vc_column_text td_uid_7_69e47c6fb898b_rand  td-pb-border-top td_block_template_1\"  data-td-block-uid=\"td_uid_7_69e47c6fb898b\" \"><div class=\"td-block-title-wrap\"><\/div><blockquote><p>Existen lugares donde la mano del hombre no ha dejado su influencia y a&uacute;n se puede gozar de la naturaleza m&aacute;s salvaje, uno de ellos es Capurgan&aacute; en el caribe colombiano.<\/p><\/blockquote>\n<p>Se encuentra ubicada en el extremo norte de Colombia, cerca de la frontera con la vecina Panam&aacute;. Capurgan&aacute; est&aacute; ba&ntilde;ada por las c&aacute;lidas y cristalinas aguas del mar Caribe, un para&iacute;so que seduce al viajero, ya sea por sus playas, por su exuberante ambiente nocturno o por su relajada vida mar&iacute;tima.<\/p>\n<\/div><div class=\"wpb_wrapper td_block_separator td_block_wrap vc_separator td_uid_8_69e47c6fb96a1_rand  td_separator_solid td_separator_center\"><span style=\"border-color:#EBEBEB;border-width:4px;width:100%;\"><\/span><\/div><div class=\"wpb_wrapper td_block_wrap vc_raw_html td_uid_9_69e47c6fb96b7_rand \"><h2>LUGARES QUE DEBES VISITAR<\/h2><\/div><div class=\"wpb_wrapper td_block_wrap vc_raw_html td_uid_10_69e47c6fb96de_rand \"><div class=\"td_module_11 td_module_wrap td-animation-stack\">\n            <div class=\"td-module-thumb\"><img width=\"324\" height=\"235\" class=\"entry-thumb\" src=\"http:\/\/www.colombiatudestino.com\/viajes\/wp-content\/uploads\/2018\/06\/capurgana-colombia3.jpg\" alt=\"Playa de Capurgan\u00e1\" title=\"Playa de Capurgan\u00e1\"><\/div>\n            <div class=\"item-details\">\n                <h3 class=\"entry-title td-module-title\">Playa de Capurgan\u00e1<\/h3>\n                <div class=\"td-module-meta-info\">\n                    <a href=\"http:\/\/www.colombiatudestino.com\/viajes\/category\/destinos\/riohacha\/\" class=\"td-post-category\" target=\"_blank\">Capurgan\u00e1<\/a>                    <span class=\"td-post-author-name\"><a href=\"http:\/\/www.colombiatudestino.com\/viajes\/\">Colombia Tu Destino<\/a> <\/span><\/div>\n\n                <div class=\"td-excerpt\">\n                    \nLa Playa de Capurgan\u00e1 es peque\u00f1a, de aguas cristalinas y arena coralina. El entorno selv\u00e1tico da un panorama paradis\u00edaco, con monta\u00f1as y cascadas. Por mar es f\u00e1cil desplazarse a las bah\u00edas vecinas como Sapzurro, La Miel, El Aguacate y Playa Soledad.\nAlgunos paseos recomendados en la Playa de Capurgan\u00e1 es visitar la gruta de El Cielo y la Piscina de los Dioses.<br>\nTambi\u00e9n es un sitio muy recomendado para la pr\u00e1ctica de buceo y snorkel, principalmente de abril a noviembre, cuando las olas casi desaparecen y el mar es mucho m\u00e1s cristalino, con una excelente visibilidad. Capurgan\u00e1 cuenta con operadores de buceo certificados<\/div>\n            <\/div>\n        <\/div>\n<div class=\"td_module_11 td_module_wrap td-animation-stack\">\n            <div class=\"td-module-thumb\"><img width=\"324\" height=\"235\" class=\"entry-thumb\" src=\"http:\/\/www.colombiatudestino.com\/viajes\/wp-content\/uploads\/2018\/06\/capurgana-colombia2-324x235.jpg\" alt=\"Reserva Natural el Cielo\" title=\"Reserva Natural el Cielo\"><\/div>\n            <div class=\"item-details\">\n                <h3 class=\"entry-title td-module-title\">Reserva Natural el Cielo<\/h3>\n                <div class=\"td-module-meta-info\">\n                    <a href=\"http:\/\/www.colombiatudestino.com\/viajes\/category\/destinos\/riohacha\/\" class=\"td-post-category\">Capurgan\u00e1<\/a>                    <span class=\"td-post-author-name\"><a href=\"http:\/\/www.colombiatudestino.com\/viajes\/\">Colombia Tu Destino<\/a> <\/span><\/div>\n\n                <div class=\"td-excerpt\">\n                    \nSe trata de una reserva natural dentro de una finca donde se puede hacer un recorrido entre riachuelos de agua cristalina, \u00e1rboles frondosos y una jungla exuberante en fauna silvestre. Existe la opci\u00f3n de alquilar caballos para hacer el ascenso, aunque es posible hacerlo a pie en un trayecto de dos horas y media. Dentro de El Cielo hay dos piscinas naturales de agua fr\u00eda, dos peque\u00f1as cascadas en piedra y una gruta a cielo abierto en piedra. El Cielo cuenta con la opci\u00f3n de alojamiento en caba\u00f1as, para disfrutar de unas 2 horas de caminata entre r\u00edos y cascadas imperdibles, con un marco selv\u00e1tico imponente.<\/div>\n            <\/div>\n        <\/div>\n<div class=\"td_module_11 td_module_wrap td-animation-stack\">\n            <div class=\"td-module-thumb\"><img width=\"324\" height=\"235\" class=\"entry-thumb\" src=\"http:\/\/www.colombiatudestino.com\/viajes\/wp-content\/uploads\/2018\/06\/aguacate.jpg\" alt=\"Bahia Aguacate\" title=\"Bahia Aguacate\"><\/div>\n            <div class=\"item-details\">\n                <h3 class=\"entry-title td-module-title\">Bahia Aguacate<\/h3>\n                <div class=\"td-module-meta-info\">\n                    <a href=\"http:\/\/www.colombiatudestino.com\/viajes\/category\/destinos\/riohacha\/\" class=\"td-post-category\">Capurgan\u00e1<\/a>                    <span class=\"td-post-author-name\"><a href=\"http:\/\/www.colombiatudestino.com\/viajes\/\">Colombia Tu Destino<\/a> <\/span><\/div>\n\n                <div class=\"td-excerpt\">\n                    \nEncantadora Playa en la parte sur de Capurgan\u00e1 habitada por hospitalarios nativos que ofrecen servicios de bebidas y alimentaci\u00f3n. El mar all\u00ed regala espectaculares brillos que acent\u00faan sus distintos tonos de esmeralda. Muy cerca de la playa se forman los hoyos sopladores y la isla de los p\u00e1jaros, punto de encuentro de aves migratorias. La Lancha desde el muelle de Capurgan\u00e1 tarda aproximadamente 15 minutos al Aguacate. Lugar paradisiaco con mucha arena blanca y un mar inofensivo<br><br> Considerada una de las bah\u00edas mas bellas y tranquilas de Colombia. Su exquisita gastronom\u00eda, hermosas playas y a un solo paso de Capurgana, Sapzurro y la Miel en Panam\u00e1, hacen de este destino el elegido para sus vacaciones.<\/div>\n            <\/div>\n        <\/div><\/div><div class=\"wpb_wrapper td_block_wrap vc_raw_html td_uid_11_69e47c6fb9755_rand \"><div id=\"td_uid_1_5b0968c8ae3a6\" class=\"td_block_inner\">\n\t\t<div class=\"td-block-row\">\n\t\t\t<!-- Inicio -->\n\t\t\t<div class=\"td-block-span4\">\n\t\t\t\t<div class=\"td_module_2 td_module_wrap td-animation-stack\">\n\t\t\t\t\t<div class=\"td-module-image\">\n\t\t\t\t\t\t<div class=\"td-module-thumb\">\n\t\t\t\t\t\t\t<img width=\"324\" height=\"160\" class=\"entry-thumb\" src=\"https:\/\/www.colombiatudestino.com\/viajes\/wp-content\/uploads\/2018\/06\/capurgana-colombia-533x261.jpg\" srcset=\"https:\/\/www.colombiatudestino.com\/viajes\/wp-content\/uploads\/2018\/06\/capurgana-colombia-533x261.jpg 324w, https:\/\/www.colombiatudestino.com\/viajes\/wp-content\/uploads\/2018\/06\/capurgana-colombia-533x261.jpg 533w\" sizes=\"(max-width: 324px) 100vw, 324px\" alt=\"Piscina de los Dioses\" title=\"Piscina de los Dioses\">\n\t\t\t\t\t\t<\/div>\n\t\t\t\t\t\t<a href=\"https:\/\/www.colombiatudestino.com\/viajes\/category\/destinos\/riohacha\/\" class=\"td-post-category\">Capurgan\u00e1<\/a>\n\t\t\t\t\t<\/div>\n\t\t\t\t\t<h3 class=\"entry-title td-module-title\">Piscina de los Dioses<\/h3>\n\t\t\t\t\t<div class=\"td-module-meta-info\">\n\t\t\t\t\t\t<span class=\"td-post-author-name\">\n\t\t\t\t\t\t\t<a href=\"https:\/\/www.colombiatudestino.com\/viajes\/\">Colombia tu destino<\/a>\n\t\t\t\t\t\t<\/span>\n\t\t\t\t\t<\/div>\n\t\t\t\t\t<div class=\"td-excerpt\">\n\t\t\t\t\t\tOcho minutos despu\u00e9s de la playa de Capurgan\u00e1 se encuentra la Piscina de los Dioses, una zona rocosa donde el mar golpea muy fuerte provocando la formaci\u00f3n de unos pozos a los que se recomienda no acercarse, ni mucho menos sumergirse en vista de la agresividad del agua. Este lugar es exclusivamente para el disfrute visual y fotogr\u00e1fico.\n\t\t\t\t\t<\/div>\n\t\t\t\t<\/div>\n\t\t\t<\/div>\n                     \n\t\t\t<!-- Fin -->\n\t\t\t<!-- Inicio -->\n\t\t\t<div class=\"td-block-span4\">\n\t\t\t\t<div class=\"td_module_2 td_module_wrap td-animation-stack\">\n\t\t\t\t\t<div class=\"td-module-image\">\n\t\t\t\t\t\t<div class=\"td-module-thumb\">\n\t\t\t\t\t\t\t<img width=\"324\" height=\"160\" class=\"entry-thumb\" src=\"https:\/\/www.colombiatudestino.com\/viajes\/wp-content\/uploads\/2018\/06\/sapzurro-y-la-miel-533x261.jpg\" srcset=\"https:\/\/www.colombiatudestino.com\/viajes\/wp-content\/uploads\/2018\/06\/sapzurro-y-la-miel-533x261.jpg 324w, https:\/\/www.colombiatudestino.com\/viajes\/wp-content\/uploads\/2018\/06\/sapzurro-y-la-miel-533x261.jpg 533w\" sizes=\"(max-width: 324px) 100vw, 324px\" alt=\"Sapzurro\" title=\"Sapzurro\">\n\t\t\t\t\t\t<\/div>\n\t\t\t\t\t\t<a href=\"https:\/\/www.colombiatudestino.com\/viajes\/category\/destinos\/riohacha\/\" class=\"td-post-category\">Capurgan\u00e1<\/a>\n\t\t\t\t\t<\/div>\n\t\t\t\t\t<h3 class=\"entry-title td-module-title\">Sapzurro<\/h3>\n\t\t\t\t\t<div class=\"td-module-meta-info\">\n\t\t\t\t\t\t<span class=\"td-post-author-name\">\n\t\t\t\t\t\t\t<a href=\"https:\/\/www.colombiatudestino.com\/viajes\/\">Colombia tu destino<\/a>\n\t\t\t\t\t\t<\/span>\n\t\t\t\t\t<\/div>\n\t\t\t\t\t<div class=\"td-excerpt\">\n\t\t\t\t\t\tA 10 minutos en lancha desde Capurgan\u00e1 est\u00e1 Sapzurro en Colombia, un caser\u00edo de pescadores con una bah\u00eda tranquila en la que suelen verse veleros, kayaks y canoas. Sus playas de arena blanca, como Cabo Tibur\u00f3n, contrastan con el verde de la selva espesa. Cerca est\u00e1n la cascada La Diana y la playa de La Miel. \n\t\t\t\t\t<\/div>\n\t\t\t\t<\/div>\n\t\t\t<\/div>\n\t\t\t<!-- Fin -->\n<!-- Inicio -->\n\t\t\t<div class=\"td-block-span4\">\n\t\t\t\t<div class=\"td_module_2 td_module_wrap td-animation-stack\">\n\t\t\t\t\t<div class=\"td-module-image\">\n\t\t\t\t\t\t<div class=\"td-module-thumb\">\n\t\t\t\t\t\t\t<img width=\"324\" height=\"160\" class=\"entry-thumb\" src=\"https:\/\/www.colombiatudestino.com\/viajes\/wp-content\/uploads\/2018\/06\/islas-de-san-blas-533x261.jpg\" srcset=\"https:\/\/www.colombiatudestino.com\/viajes\/wp-content\/uploads\/2018\/06\/islas-de-san-blas-533x261.jpg 324w, https:\/\/www.colombiatudestino.com\/viajes\/wp-content\/uploads\/2018\/06\/islas-de-san-blas-533x261.jpg 533w\" sizes=\"(max-width: 324px) 100vw, 324px\" alt=\"Islas San Blass\" title=\"Islas San Blass\">\n\t\t\t\t\t\t<\/div>\n\t\t\t\t\t\t<a href=\"https:\/\/www.colombiatudestino.com\/viajes\/category\/destinos\/riohacha\/\" class=\"td-post-category\">Capurgan\u00e1<\/a>\n\t\t\t\t\t<\/div>\n\t\t\t\t\t<h3 class=\"entry-title td-module-title\">Islas San Blass<\/h3>\n\t\t\t\t\t<div class=\"td-module-meta-info\">\n\t\t\t\t\t\t<span class=\"td-post-author-name\">\n\t\t\t\t\t\t\t<a href=\"https:\/\/www.colombiatudestino.com\/viajes\/\">Colombia tu destino<\/a>\n\t\t\t\t\t\t<\/span>\n\t\t\t\t\t<\/div>\n\t\t\t\t\t<div class=\"td-excerpt\">\n\t\t\t\t\t\tEste archipi\u00e9lago con m\u00e1s de trescientos islotes y numerosos cayos, est\u00e1 ubicado en el mar Caribe a pocos kil\u00f3metros del litoral de Panam\u00e1. San Blas est\u00e1 habitado por la comunidad ind\u00edgena de los Cunas, pueblo amerindio dedicado a la agricultura, la pesca y la artesan\u00eda, se inicia un fascinante recorrido hacia el archipi\u00e9lago de clima tropical y numerosas precipitaciones. \n\t\t\t\t\t<\/div>\n\t\t\t\t<\/div>\n\t\t\t<\/div>\n\n\t\t\t<!-- Fin -->\n<\/div>\n\t\t\t<\/div>\n<\/div><div class=\"wpb_wrapper td_block_separator td_block_wrap vc_separator td_uid_12_69e47c6fb97f4_rand  td_separator_solid td_separator_center\"><span style=\"border-color:#EBEBEB;border-width:4px;width:100%;\"><\/span><\/div><div class=\"wpb_wrapper td_block_wrap vc_raw_html td_uid_13_69e47c6fb9804_rand \"><h2>PLANES A CAPURGAN\u00c1<\/h2><\/div><div class=\"td_block_wrap td_block_image_box td_uid_14_69e47c6fb98a4_rand td-pb-border-top td_block_template_1\"  data-td-block-uid=\"td_uid_14_69e47c6fb98a4\" ><div class=\"td-block-title-wrap\"><\/div><div class=\"td-image-box-row td-medium-image\" style=\"\"><div class=\"td-image-box-span\" style=\"\"><div class=\"td-custom\"><div class=\"td-custom-image\"><a style=\"background-image: url('https:\/\/www.colombiatudestino.com\/viajes\/wp-content\/uploads\/2018\/06\/nautilos1.jpg');\" href=\"https:\/\/www.colombiatudestino.com\/promos\/ofertascapurgana\/ofertas-a-capurgana.php\"  rel=\"bookmark\" title=\"Plan Hotel Nautilos\"><\/a><\/div><div class=\"td-custom-title\"><h3 class=\"entry-title\"><a href=\"https:\/\/www.colombiatudestino.com\/promos\/ofertascapurgana\/ofertas-a-capurgana.php\">Plan Hotel Nautilos<\/a><\/h3><\/div><\/div><\/div><div class=\"td-image-box-span\" style=\"\"><div class=\"td-custom\"><div class=\"td-custom-image\"><a style=\"background-image: url('https:\/\/www.colombiatudestino.com\/viajes\/wp-content\/uploads\/2018\/06\/bahia.jpg');\" href=\"http:\/\/colombiatudestino.com\/promos\/ofertascapurgana1\/promociones-a-capurgana.php\"  rel=\"bookmark\" title=\"Plan Hotel Bajia Pinorroa\"><\/a><\/div><div class=\"td-custom-title\"><h3 class=\"entry-title\"><a href=\"http:\/\/colombiatudestino.com\/promos\/ofertascapurgana1\/promociones-a-capurgana.php\">Plan Hotel Bajia Pinorroa<\/a><\/h3><\/div><\/div><\/div><\/div><\/div><div class=\"wpb_wrapper td_block_separator td_block_wrap vc_separator td_uid_15_69e47c6fb9fda_rand  td_separator_solid td_separator_center\"><span style=\"border-color:#EBEBEB;border-width:4px;width:100%;\"><\/span><\/div><div class=\"wpb_wrapper td_block_wrap vc_raw_html td_uid_16_69e47c6fb9ffb_rand \"><h2>CONOCE OTROS DESTINOS DE COLOMBIA<\/h2><\/div><\/div><\/div><\/div><\/div><div id=\"td_uid_15_69e47c6fba071\" class=\"tdc-row stretch_row_content td-stretch-content\"><div class=\"vc_row td_uid_17_69e47c6fba075_rand  wpb_row td-pb-row\" ><div class=\"vc_column td_uid_18_69e47c6fba127_rand  wpb_column vc_column_container td-pb-span12\"><div class=\"wpb_wrapper\"><\/div><\/div><\/div><\/div><div id=\"td_uid_17_69e47c6fba150\" class=\"tdc-row stretch_row_content td-stretch-content\"><div class=\"vc_row td_uid_19_69e47c6fba153_rand  wpb_row td-pb-row\" ><div class=\"vc_column td_uid_20_69e47c6fba195_rand  wpb_column vc_column_container td-pb-span12\"><div class=\"wpb_wrapper\"><div class=\"td_block_wrap td_block_big_grid_2 td_uid_22_69e47c6fbadb1_rand td-grid-style-1 td-hover-1 td-big-grids td-pb-border-top td_block_template_1\"  data-td-block-uid=\"td_uid_22_69e47c6fbadb1\" ><div id=td_uid_22_69e47c6fbadb1 class=\"td_block_inner\"><div class=\"td-big-grid-wrapper\">\r\n        <div class=\"td_module_mx9 td-animation-stack td-big-grid-post-0 td-big-grid-post td-big-thumb\">\r\n            <div class=\"td-module-thumb\"><a href=\"https:\/\/www.colombiatudestino.com\/viajes\/2-utiles-indispensables-que-no-deben-faltar-en-tu-mochila-si-viajas-a-cartagena\/\" rel=\"bookmark\" title=\"2 \u00fatiles indispensables que no deben faltar en tu mochila si viajas a Cartagena\"><img width=\"741\" height=\"486\" class=\"entry-thumb\" src=\"https:\/\/www.colombiatudestino.com\/viajes\/wp-content\/themes\/Newspaper\/images\/no-thumb\/td_741x486.png\" alt=\"\"\/><\/a><\/div>            <div class=\"td-meta-info-container\">\r\n                <div class=\"td-meta-align\">\r\n                    <div class=\"td-big-grid-meta\">\r\n                        <a href=\"https:\/\/www.colombiatudestino.com\/viajes\/category\/tips\/\" class=\"td-post-category\">Tips<\/a>                        <h3 class=\"entry-title td-module-title\"><a href=\"https:\/\/www.colombiatudestino.com\/viajes\/2-utiles-indispensables-que-no-deben-faltar-en-tu-mochila-si-viajas-a-cartagena\/\" rel=\"bookmark\" title=\"2 \u00fatiles indispensables que no deben faltar en tu mochila si viajas a Cartagena\">2 \u00fatiles indispensables que no deben faltar en tu mochila si viajas a Cartagena<\/a><\/h3>                    <\/div>\r\n                    <div class=\"td-module-meta-info\">\r\n                        <span class=\"td-post-author-name\"><a href=\"https:\/\/www.colombiatudestino.com\/viajes\/author\/colreservas\/\">colreservas<\/a> <span>-<\/span> <\/span>                        <span class=\"td-post-date\"><time class=\"entry-date updated td-module-date\" datetime=\"2020-09-02T11:38:33+00:00\" >2 septiembre, 2020<\/time><\/span>                    <\/div>\r\n                <\/div>\r\n            <\/div>\r\n\r\n        <\/div>\r\n\r\n        <div class=\"td-big-grid-scroll\">\r\n        <div class=\"td_module_mx10 td-animation-stack td-big-grid-post-1 td-big-grid-post td-small-thumb\">\r\n            <div class=\"td-module-thumb\"><a href=\"https:\/\/www.colombiatudestino.com\/viajes\/colores-del-amazonas\/\" rel=\"bookmark\" title=\"Colores del Amazonas\"><img width=\"324\" height=\"160\" class=\"entry-thumb\" src=\"https:\/\/www.colombiatudestino.com\/viajes\/wp-content\/uploads\/2018\/10\/amazonas6-324x160.jpg\" srcset=\"https:\/\/www.colombiatudestino.com\/viajes\/wp-content\/uploads\/2018\/10\/amazonas6-324x160.jpg 324w, https:\/\/www.colombiatudestino.com\/viajes\/wp-content\/uploads\/2018\/10\/amazonas6-533x261.jpg 533w\" sizes=\"(max-width: 324px) 100vw, 324px\" alt=\"\" title=\"Colores del Amazonas\"\/><\/a><\/div>            <div class=\"td-meta-info-container\">\r\n                <div class=\"td-meta-align\">\r\n                    <div class=\"td-big-grid-meta\">\r\n                        <a href=\"https:\/\/www.colombiatudestino.com\/viajes\/category\/sin-categoria\/\" class=\"td-post-category\">Sin categor\u00eda<\/a>                        <h3 class=\"entry-title td-module-title\"><a href=\"https:\/\/www.colombiatudestino.com\/viajes\/colores-del-amazonas\/\" rel=\"bookmark\" title=\"Colores del Amazonas\">Colores del Amazonas<\/a><\/h3>                    <\/div>\r\n                <\/div>\r\n            <\/div>\r\n\r\n        <\/div>\r\n\r\n        \r\n        <div class=\"td_module_mx10 td-animation-stack td-big-grid-post-2 td-big-grid-post td-small-thumb\">\r\n            <div class=\"td-module-thumb\"><a href=\"https:\/\/www.colombiatudestino.com\/viajes\/cano-cristales-el-rio-de-los-siete-colores\/\" rel=\"bookmark\" title=\"Ca\u00f1o Cristales, el r\u00edo de los siete colores\"><img width=\"324\" height=\"160\" class=\"entry-thumb\" src=\"https:\/\/www.colombiatudestino.com\/viajes\/wp-content\/uploads\/2018\/09\/destacada-cristales-324x160.jpg\" srcset=\"https:\/\/www.colombiatudestino.com\/viajes\/wp-content\/uploads\/2018\/09\/destacada-cristales-324x160.jpg 324w, https:\/\/www.colombiatudestino.com\/viajes\/wp-content\/uploads\/2018\/09\/destacada-cristales-533x261.jpg 533w\" sizes=\"(max-width: 324px) 100vw, 324px\" alt=\"\" title=\"Ca\u00f1o Cristales, el r\u00edo de los siete colores\"\/><\/a><\/div>            <div class=\"td-meta-info-container\">\r\n                <div class=\"td-meta-align\">\r\n                    <div class=\"td-big-grid-meta\">\r\n                        <a href=\"https:\/\/www.colombiatudestino.com\/viajes\/category\/sin-categoria\/\" class=\"td-post-category\">Sin categor\u00eda<\/a>                        <h3 class=\"entry-title td-module-title\"><a href=\"https:\/\/www.colombiatudestino.com\/viajes\/cano-cristales-el-rio-de-los-siete-colores\/\" rel=\"bookmark\" title=\"Ca\u00f1o Cristales, el r\u00edo de los siete colores\">Ca\u00f1o Cristales, el r\u00edo de los siete colores<\/a><\/h3>                    <\/div>\r\n                <\/div>\r\n            <\/div>\r\n\r\n        <\/div>\r\n\r\n        \r\n        <div class=\"td_module_mx10 td-animation-stack td-big-grid-post-3 td-big-grid-post td-small-thumb\">\r\n            <div class=\"td-module-thumb\"><a href=\"https:\/\/www.colombiatudestino.com\/viajes\/por-que-visitar-capurgana\/\" rel=\"bookmark\" title=\"Por qu\u00e9 visitar Capurgan\u00e1\"><img width=\"324\" height=\"160\" class=\"entry-thumb\" src=\"https:\/\/www.colombiatudestino.com\/viajes\/wp-content\/uploads\/2018\/04\/destacada-324x160.jpg\" srcset=\"https:\/\/www.colombiatudestino.com\/viajes\/wp-content\/uploads\/2018\/04\/destacada-324x160.jpg 324w, https:\/\/www.colombiatudestino.com\/viajes\/wp-content\/uploads\/2018\/04\/destacada-533x261.jpg 533w\" sizes=\"(max-width: 324px) 100vw, 324px\" alt=\"\" title=\"Por qu\u00e9 visitar Capurgan\u00e1\"\/><\/a><\/div>            <div class=\"td-meta-info-container\">\r\n                <div class=\"td-meta-align\">\r\n                    <div class=\"td-big-grid-meta\">\r\n                        <a href=\"https:\/\/www.colombiatudestino.com\/viajes\/category\/destinos\/naturaleza\/\" class=\"td-post-category\">Naturaleza<\/a>                        <h3 class=\"entry-title td-module-title\"><a href=\"https:\/\/www.colombiatudestino.com\/viajes\/por-que-visitar-capurgana\/\" rel=\"bookmark\" title=\"Por qu\u00e9 visitar Capurgan\u00e1\">Por qu\u00e9 visitar Capurgan\u00e1<\/a><\/h3>                    <\/div>\r\n                <\/div>\r\n            <\/div>\r\n\r\n        <\/div>\r\n\r\n        <\/div><\/div><div class=\"clearfix\"><\/div><\/div><\/div> <!-- .\/block --><\/div><\/div><\/div><\/div>","protected":false},"excerpt":{"rendered":"","protected":false},"author":4,"featured_media":0,"parent":0,"menu_order":0,"comment_status":"closed","ping_status":"closed","template":"page-pagebuilder-title.php","meta":[],"_links":{"self":[{"href":"https:\/\/www.colombiatudestino.com\/viajes\/wp-json\/wp\/v2\/pages\/1763"}],"collection":[{"href":"https:\/\/www.colombiatudestino.com\/viajes\/wp-json\/wp\/v2\/pages"}],"about":[{"href":"https:\/\/www.colombiatudestino.com\/viajes\/wp-json\/wp\/v2\/types\/page"}],"author":[{"embeddable":true,"href":"https:\/\/www.colombiatudestino.com\/viajes\/wp-json\/wp\/v2\/users\/4"}],"replies":[{"embeddable":true,"href":"https:\/\/www.colombiatudestino.com\/viajes\/wp-json\/wp\/v2\/comments?post=1763"}],"version-history":[{"count":21,"href":"https:\/\/www.colombiatudestino.com\/viajes\/wp-json\/wp\/v2\/pages\/1763\/revisions"}],"predecessor-version":[{"id":2006,"href":"https:\/\/www.colombiatudestino.com\/viajes\/wp-json\/wp\/v2\/pages\/1763\/revisions\/2006"}],"wp:attachment":[{"href":"https:\/\/www.colombiatudestino.com\/viajes\/wp-json\/wp\/v2\/media?parent=1763"}],"curies":[{"name":"wp","href":"https:\/\/api.w.org\/{rel}","templated":true}]}}