{"id":1879,"date":"2018-06-12T08:04:57","date_gmt":"2018-06-12T13:04:57","guid":{"rendered":"http:\/\/www.colombiatudestino.com\/viajes\/?page_id=1879"},"modified":"2019-01-03T18:03:13","modified_gmt":"2019-01-03T23:03:13","slug":"amazonas","status":"publish","type":"page","link":"https:\/\/www.colombiatudestino.com\/viajes\/amazonas\/","title":{"rendered":"Amazonas"},"content":{"rendered":"<div id=\"td_uid_1_6a02a7b33f6f3\" class=\"tdc-row stretch_row_content td-stretch-content\"><div class=\"vc_row td_uid_1_6a02a7b33f701_rand  wpb_row td-pb-row\" ><div class=\"vc_column td_uid_2_6a02a7b33f7bd_rand  wpb_column vc_column_container td-pb-span12\"><div class=\"wpb_wrapper\"><div class=\"wpb_wrapper td_block_single_image td_block_wrap vc_single_image td_uid_3_6a02a7b33f87c_rand  td-single-image-\"><a style=\"background-image: url('https:\/\/www.colombiatudestino.com\/viajes\/wp-content\/uploads\/2018\/06\/rio_amazonas1920x572.jpg');height:572px; background-size: cover; background-repeat: no-repeat; background-position: center center;\" href=\"#\"  rel=\"bookmark\"><\/a><\/div><div class=\"wpb_wrapper td_block_separator td_block_wrap vc_separator td_uid_4_6a02a7b33fba2_rand  td_separator_solid td_separator_center\"><span style=\"border-color:#EBEBEB;border-width:4px;width:90%;\"><\/span><\/div><\/div><\/div><\/div><\/div><div id=\"td_uid_5_6a02a7b33fbdd\" class=\"tdc-row\"><div class=\"vc_row td_uid_5_6a02a7b33fbe0_rand  wpb_row td-pb-row\" ><div class=\"vc_column td_uid_6_6a02a7b33fd03_rand  wpb_column vc_column_container td-pb-span12\"><div class=\"wpb_wrapper\"><div class=\"wpb_wrapper wpb_text_column td_block_wrap td_block_wrap vc_column_text td_uid_7_6a02a7b33fe5a_rand  td-pb-border-top td_block_template_1\"  data-td-block-uid=\"td_uid_7_6a02a7b33fe5a\" \"><div class=\"td-block-title-wrap\"><\/div><blockquote><p>La Amazonia Colombiana es un destino incre&iacute;ble para los turistas de todo el mundo<\/p><\/blockquote>\n<p>Desde la ventanilla del avi&oacute;n se ve c&oacute;mo abajo se extiende una alfombra de &aacute;rboles que mancha un r&iacute;o enorme de color caf&eacute; al serpentear entre la selva que con 6.800 kil&oacute;metros es el m&aacute;s largo del mundo, un lugar perfecto para quienes buscan tener contacto extremo con la naturaleza y conocer algunas de las culturas m&aacute;s representativas del pa&iacute;s. Podr&aacute;s tener el placer de estar en una parte del pulm&oacute;n del mundo entero.<\/p>\n<\/div><div class=\"wpb_wrapper td_block_separator td_block_wrap vc_separator td_uid_8_6a02a7b341629_rand  td_separator_solid td_separator_center\"><span style=\"border-color:#EBEBEB;border-width:4px;width:%;\"><\/span><\/div><div class=\"wpb_wrapper td_block_wrap vc_raw_html td_uid_9_6a02a7b341643_rand \"><h2>\u00bfQU\u00c9 HACER EN AMAZONAS?<\/h2><\/div><div class=\"wpb_wrapper td_block_wrap vc_raw_html td_uid_10_6a02a7b3416a5_rand \"><div id=\"td_uid_1_5b0968c8ae3a6\" class=\"td_block_inner\">\n\t\t<div class=\"td-block-row\">\n\t\t\t<!-- Inicio -->\n\t\t\t<div class=\"td-block-span4\">\n\t\t\t\t<div class=\"td_module_2 td_module_wrap td-animation-stack\">\n\t\t\t\t\t<div class=\"td-module-image\">\n\t\t\t\t\t\t<div class=\"td-module-thumb\">\n\t\t\t\t\t\t\t<img width=\"324\" height=\"160\" class=\"entry-thumb\" src=\"https:\/\/www.colombiatudestino.com\/viajes\/wp-content\/uploads\/2018\/06\/Aves-guacamayo533x261.jpg\" srcset=\"https:\/\/www.colombiatudestino.com\/viajes\/wp-content\/uploads\/2018\/06\/Aves-guacamayo533x261.jpg 324w, https:\/\/www.colombiatudestino.com\/viajes\/wp-content\/uploads\/2018\/06\/Aves-guacamayo533x261.jpg 533w\" sizes=\"(max-width: 324px) 100vw, 324px\" alt=\"Avistamiento de aves exoticas\" title=\"Avistamiento de aves exoticas\">\n\t\t\t\t\t\t<\/div>\n\t\t\t\t\t\t<a href=\"https:\/\/www.colombiatudestino.com\/viajes\/category\/destinos\/cartagena\/\" class=\"td-post-category\">Amazonas<\/a>\n\t\t\t\t\t<\/div>\n\t\t\t\t\t<h3 class=\"entry-title td-module-title\">Avistamiento de aves ex\u00f3ticas<\/h3>\n\t\t\t\t\t<div class=\"td-module-meta-info\">\n\t\t\t\t\t\t<span class=\"td-post-author-name\">\n\t\t\t\t\t\t\t<a href=\"https:\/\/www.colombiatudestino.com\/viajes\/\">Colombia tu destino<\/a>\n\t\t\t\t\t\t<\/span>\n\t\t\t\t\t<\/div>\n\t\t\t\t\t<div class=\"td-excerpt\">\n\t\t\t\t\t\tEl Amazonas es una extensa \u00e1rea ubicada al sur de Colombia y que contempla una flora y una fauna intertropical, \u00fanicas en el planeta. Debido a que en el Amazonas habitan 674 especies de aves, su avistamiento no es dif\u00edcil, all\u00ed existen muy buenos sitios para ver bandadas de m\u00e1s de veinte especies de loros.\n\t\t\t\t\t<\/div>\n\t\t\t\t<\/div>\n\t\t\t<\/div>\n\t\t\t<!-- Fin -->\n\t\t\t<!-- Inicio -->\n\t\t\t<div class=\"td-block-span4\">\n\t\t\t\t<div class=\"td_module_2 td_module_wrap td-animation-stack\">\n\t\t\t\t\t<div class=\"td-module-image\">\n\t\t\t\t\t\t<div class=\"td-module-thumb\">\n\t\t\t\t\t\t\t<img width=\"324\" height=\"160\" class=\"entry-thumb\" src=\"https:\/\/www.colombiatudestino.com\/viajes\/wp-content\/uploads\/2018\/06\/Atardecer533x261.jpg\" srcset=\"https:\/\/www.colombiatudestino.com\/viajes\/wp-content\/uploads\/2018\/06\/Atardecer533x261.jpg 324w, https:\/\/www.colombiatudestino.com\/viajes\/wp-content\/uploads\/2018\/06\/Atardecer533x261.jpg 533w\" sizes=\"(max-width: 324px) 100vw, 324px\" alt=\"Contempla un maginifico atardecer\" title=\"Contempla un maginifico atardecer\">\n\t\t\t\t\t\t<\/div>\n\t\t\t\t\t\t<a href=\"https:\/\/www.colombiatudestino.com\/viajes\/category\/destinos\/cartagena\/\" class=\"td-post-category\">Amazonas<\/a>\n\t\t\t\t\t<\/div>\n\t\t\t\t\t<h3 class=\"entry-title td-module-title\">Contempla un maginifico atardecer<\/h3>\n\t\t\t\t\t<div class=\"td-module-meta-info\">\n\t\t\t\t\t\t<span class=\"td-post-author-name\">\n\t\t\t\t\t\t\t<a href=\"https:\/\/www.colombiatudestino.com\/viajes\/\">Colombia tu destino<\/a>\n\t\t\t\t\t\t<\/span>\n\t\t\t\t\t<\/div>\n\t\t\t\t\t<div class=\"td-excerpt\">\n\t\t\t\t\t\tSi de ver atardeceres se trata, en el Amazonas Colombiano se encuentran unos de los m\u00e1s prestigiosos, incluyendo toda su hermosura selv\u00e1tica que hacen de este atardecer una experiencia que jamas olvidar\u00e1s. No olvides capturar recuerdos de estos momentos.\n\t\t\t\t\t<\/div>\n\t\t\t\t<\/div>\n\t\t\t<\/div>\n\t\t\t<!-- Fin -->\n\t\t\t<!-- Inicio -->\n\t\t\t<div class=\"td-block-span4\">\n\t\t\t\t<div class=\"td_module_2 td_module_wrap td-animation-stack\">\n\t\t\t\t\t<div class=\"td-module-image\">\n\t\t\t\t\t\t<div class=\"td-module-thumb\">\n\t\t\t\t\t\t\t<img width=\"324\" height=\"160\" class=\"entry-thumb\" src=\"https:\/\/www.colombiatudestino.com\/viajes\/wp-content\/uploads\/2018\/06\/delfin533x261.jpg\" srcset=\"https:\/\/www.colombiatudestino.com\/viajes\/wp-content\/uploads\/2018\/06\/delfin533x261.jpg 324w, https:\/\/www.colombiatudestino.com\/viajes\/wp-content\/uploads\/2018\/06\/delfin533x261.jpg 533w\" sizes=\"(max-width: 324px) 100vw, 324px\" alt=\"Conoce los delfines rosados\" title=\"Conoce los delfines rosados\">\n\t\t\t\t\t\t<\/div>\n\t\t\t\t\t\t<a href=\"https:\/\/www.colombiatudestino.com\/viajes\/category\/destinos\/cartagena\/\" class=\"td-post-category\">Amazonas<\/a>\n\t\t\t\t\t<\/div>\n\t\t\t\t\t<h3 class=\"entry-title td-module-title\">Conoce los delfines rosados<\/h3>\n\t\t\t\t\t<div class=\"td-module-meta-info\">\n\t\t\t\t\t\t<span class=\"td-post-author-name\">\n\t\t\t\t\t\t\t<a href=\"https:\/\/www.colombiatudestino.com\/viajes\/\">Colombia tu destino<\/a>\n\t\t\t\t\t\t<\/span>\n\t\t\t\t\t<\/div>\n\t\t\t\t\t<div class=\"td-excerpt\">\n\t\t\t\t\t\tIr tras los delfines, navegando las serenas aguas amaz\u00f3nicas, es una experiencia inolvidable. Con la mirada clavada en el agua cada rama o tronco que arrastra la corriente parece ser uno de ellos. Verlos saltando, intr\u00e9pidos y alucinantes por encima de las olas del Amazonas, requiere de paciencia y buena energ\u00eda. \n\t\t\t\t\t<\/div>\n\t\t\t\t<\/div>\n\t\t\t<\/div>\n\t\t\t<!-- Fin -->\n\t\t<\/div><!--.\/row-fluid-->\n\t\t<\/div>\n\t\t<\/div><div class=\"wpb_wrapper td_block_separator td_block_wrap vc_separator td_uid_11_6a02a7b341731_rand  td_separator_solid td_separator_center\"><span style=\"border-color:#EBEBEB;border-width:4px;width:100%;\"><\/span><\/div><div class=\"wpb_wrapper td_block_wrap vc_raw_html td_uid_12_6a02a7b341740_rand \"><h2>PLANES Al AMAZONAS<\/h2><\/div><div class=\"td_block_wrap td_block_image_box td_uid_13_6a02a7b341809_rand td-pb-border-top td_block_template_1\"  data-td-block-uid=\"td_uid_13_6a02a7b341809\" ><div class=\"td-block-title-wrap\"><\/div><div class=\"td-image-box-row td-small-image\" style=\"\"><div class=\"td-image-box-span\" style=\"\"><div class=\"td-custom\"><div class=\"td-custom-image\"><a style=\"background-image: url('https:\/\/www.colombiatudestino.com\/viajes\/wp-content\/uploads\/2018\/06\/colores-del-amazonas-800x600-1.jpg');\" href=\"https:\/\/www.colombiatudestino.com\/colombia\/amazonas\/planamazonascomunidadescolperu\/plan-amazonas.php\"  target=\"_blank\"  rel=\"bookmark\" title=\"Los colores del amazonas\"><\/a><\/div><div class=\"td-custom-title\"><h3 class=\"entry-title\"><a href=\"https:\/\/www.colombiatudestino.com\/colombia\/amazonas\/planamazonascomunidadescolperu\/plan-amazonas.php\">Los colores del amazonas<\/a><\/h3><\/div><\/div><\/div><div class=\"td-image-box-span\" style=\"\"><div class=\"td-custom\"><div class=\"td-custom-image\"><a style=\"background-image: url('https:\/\/www.colombiatudestino.com\/viajes\/wp-content\/uploads\/2018\/06\/amazonas-tropical-800x600.jpg');\" href=\"https:\/\/www.colombiatudestino.com\/colombia\/amazonas\/planamazonascomunidadesptonarino\/index.php\"  target=\"_blank\"  rel=\"bookmark\" title=\"Amazonas tropical\"><\/a><\/div><div class=\"td-custom-title\"><h3 class=\"entry-title\"><a href=\"https:\/\/www.colombiatudestino.com\/colombia\/amazonas\/planamazonascomunidadesptonarino\/index.php\">Amazonas tropical<\/a><\/h3><\/div><\/div><\/div><div class=\"td-image-box-span\" style=\"\"><div class=\"td-custom\"><div class=\"td-custom-image\"><a style=\"background-image: url('https:\/\/www.colombiatudestino.com\/viajes\/wp-content\/uploads\/2018\/06\/conociendo-el-amazonas-800x600.jpg');\" href=\"https:\/\/www.colombiatudestino.com\/colombia\/amazonas\/amazonaspuentesmitadano\/plan-expedicion-al-amazonas.php\"  target=\"_blank\"  rel=\"bookmark\" title=\"Conociendo el Amazonas\"><\/a><\/div><div class=\"td-custom-title\"><h3 class=\"entry-title\"><a href=\"https:\/\/www.colombiatudestino.com\/colombia\/amazonas\/amazonaspuentesmitadano\/plan-expedicion-al-amazonas.php\">Conociendo el Amazonas<\/a><\/h3><\/div><\/div><\/div><\/div><\/div><div class=\"wpb_wrapper td_block_separator td_block_wrap vc_separator td_uid_14_6a02a7b34218f_rand  td_separator_solid td_separator_center\"><span style=\"border-color:#EBEBEB;border-width:4px;width:100%;\"><\/span><\/div><div class=\"wpb_wrapper td_block_wrap vc_raw_html td_uid_15_6a02a7b3421a4_rand \"><h2>CONOCE OTROS DESTINOS DE COLOMBIA<\/h2><\/div><\/div><\/div><\/div><\/div><div id=\"td_uid_14_6a02a7b3421f1\" class=\"tdc-row stretch_row_content td-stretch-content\"><div class=\"vc_row td_uid_16_6a02a7b3421f4_rand  wpb_row td-pb-row\" ><div class=\"vc_column td_uid_17_6a02a7b3422b2_rand  wpb_column vc_column_container td-pb-span12\"><div class=\"wpb_wrapper\"><div class=\"td_block_wrap td_block_big_grid_2 td_uid_19_6a02a7b3430e2_rand td-grid-style-1 td-hover-1 td-big-grids td-pb-border-top td_block_template_1\"  data-td-block-uid=\"td_uid_19_6a02a7b3430e2\" ><div id=td_uid_19_6a02a7b3430e2 class=\"td_block_inner\"><div class=\"td-big-grid-wrapper\">\r\n        <div class=\"td_module_mx9 td-animation-stack td-big-grid-post-0 td-big-grid-post td-big-thumb\">\r\n            <div class=\"td-module-thumb\"><a href=\"https:\/\/www.colombiatudestino.com\/viajes\/2-utiles-indispensables-que-no-deben-faltar-en-tu-mochila-si-viajas-a-cartagena\/\" rel=\"bookmark\" title=\"2 \u00fatiles indispensables que no deben faltar en tu mochila si viajas a Cartagena\"><img width=\"741\" height=\"486\" class=\"entry-thumb\" src=\"https:\/\/www.colombiatudestino.com\/viajes\/wp-content\/themes\/Newspaper\/images\/no-thumb\/td_741x486.png\" alt=\"\"\/><\/a><\/div>            <div class=\"td-meta-info-container\">\r\n                <div class=\"td-meta-align\">\r\n                    <div class=\"td-big-grid-meta\">\r\n                        <a href=\"https:\/\/www.colombiatudestino.com\/viajes\/category\/tips\/\" class=\"td-post-category\">Tips<\/a>                        <h3 class=\"entry-title td-module-title\"><a href=\"https:\/\/www.colombiatudestino.com\/viajes\/2-utiles-indispensables-que-no-deben-faltar-en-tu-mochila-si-viajas-a-cartagena\/\" rel=\"bookmark\" title=\"2 \u00fatiles indispensables que no deben faltar en tu mochila si viajas a Cartagena\">2 \u00fatiles indispensables que no deben faltar en tu mochila si viajas a Cartagena<\/a><\/h3>                    <\/div>\r\n                    <div class=\"td-module-meta-info\">\r\n                        <span class=\"td-post-author-name\"><a href=\"https:\/\/www.colombiatudestino.com\/viajes\/author\/colreservas\/\">colreservas<\/a> <span>-<\/span> <\/span>                        <span class=\"td-post-date\"><time class=\"entry-date updated td-module-date\" datetime=\"2020-09-02T11:38:33+00:00\" >2 septiembre, 2020<\/time><\/span>                    <\/div>\r\n                <\/div>\r\n            <\/div>\r\n\r\n        <\/div>\r\n\r\n        <div class=\"td-big-grid-scroll\">\r\n        <div class=\"td_module_mx10 td-animation-stack td-big-grid-post-1 td-big-grid-post td-small-thumb\">\r\n            <div class=\"td-module-thumb\"><a href=\"https:\/\/www.colombiatudestino.com\/viajes\/colores-del-amazonas\/\" rel=\"bookmark\" title=\"Colores del Amazonas\"><img width=\"324\" height=\"160\" class=\"entry-thumb\" src=\"https:\/\/www.colombiatudestino.com\/viajes\/wp-content\/uploads\/2018\/10\/amazonas6-324x160.jpg\" srcset=\"https:\/\/www.colombiatudestino.com\/viajes\/wp-content\/uploads\/2018\/10\/amazonas6-324x160.jpg 324w, https:\/\/www.colombiatudestino.com\/viajes\/wp-content\/uploads\/2018\/10\/amazonas6-533x261.jpg 533w\" sizes=\"(max-width: 324px) 100vw, 324px\" alt=\"\" title=\"Colores del Amazonas\"\/><\/a><\/div>            <div class=\"td-meta-info-container\">\r\n                <div class=\"td-meta-align\">\r\n                    <div class=\"td-big-grid-meta\">\r\n                        <a href=\"https:\/\/www.colombiatudestino.com\/viajes\/category\/sin-categoria\/\" class=\"td-post-category\">Sin categor\u00eda<\/a>                        <h3 class=\"entry-title td-module-title\"><a href=\"https:\/\/www.colombiatudestino.com\/viajes\/colores-del-amazonas\/\" rel=\"bookmark\" title=\"Colores del Amazonas\">Colores del Amazonas<\/a><\/h3>                    <\/div>\r\n                <\/div>\r\n            <\/div>\r\n\r\n        <\/div>\r\n\r\n        \r\n        <div class=\"td_module_mx10 td-animation-stack td-big-grid-post-2 td-big-grid-post td-small-thumb\">\r\n            <div class=\"td-module-thumb\"><a href=\"https:\/\/www.colombiatudestino.com\/viajes\/cano-cristales-el-rio-de-los-siete-colores\/\" rel=\"bookmark\" title=\"Ca\u00f1o Cristales, el r\u00edo de los siete colores\"><img width=\"324\" height=\"160\" class=\"entry-thumb\" src=\"https:\/\/www.colombiatudestino.com\/viajes\/wp-content\/uploads\/2018\/09\/destacada-cristales-324x160.jpg\" srcset=\"https:\/\/www.colombiatudestino.com\/viajes\/wp-content\/uploads\/2018\/09\/destacada-cristales-324x160.jpg 324w, https:\/\/www.colombiatudestino.com\/viajes\/wp-content\/uploads\/2018\/09\/destacada-cristales-533x261.jpg 533w\" sizes=\"(max-width: 324px) 100vw, 324px\" alt=\"\" title=\"Ca\u00f1o Cristales, el r\u00edo de los siete colores\"\/><\/a><\/div>            <div class=\"td-meta-info-container\">\r\n                <div class=\"td-meta-align\">\r\n                    <div class=\"td-big-grid-meta\">\r\n                        <a href=\"https:\/\/www.colombiatudestino.com\/viajes\/category\/sin-categoria\/\" class=\"td-post-category\">Sin categor\u00eda<\/a>                        <h3 class=\"entry-title td-module-title\"><a href=\"https:\/\/www.colombiatudestino.com\/viajes\/cano-cristales-el-rio-de-los-siete-colores\/\" rel=\"bookmark\" title=\"Ca\u00f1o Cristales, el r\u00edo de los siete colores\">Ca\u00f1o Cristales, el r\u00edo de los siete colores<\/a><\/h3>                    <\/div>\r\n                <\/div>\r\n            <\/div>\r\n\r\n        <\/div>\r\n\r\n        \r\n        <div class=\"td_module_mx10 td-animation-stack td-big-grid-post-3 td-big-grid-post td-small-thumb\">\r\n            <div class=\"td-module-thumb\"><a href=\"https:\/\/www.colombiatudestino.com\/viajes\/por-que-visitar-capurgana\/\" rel=\"bookmark\" title=\"Por qu\u00e9 visitar Capurgan\u00e1\"><img width=\"324\" height=\"160\" class=\"entry-thumb\" src=\"https:\/\/www.colombiatudestino.com\/viajes\/wp-content\/uploads\/2018\/04\/destacada-324x160.jpg\" srcset=\"https:\/\/www.colombiatudestino.com\/viajes\/wp-content\/uploads\/2018\/04\/destacada-324x160.jpg 324w, https:\/\/www.colombiatudestino.com\/viajes\/wp-content\/uploads\/2018\/04\/destacada-533x261.jpg 533w\" sizes=\"(max-width: 324px) 100vw, 324px\" alt=\"\" title=\"Por qu\u00e9 visitar Capurgan\u00e1\"\/><\/a><\/div>            <div class=\"td-meta-info-container\">\r\n                <div class=\"td-meta-align\">\r\n                    <div class=\"td-big-grid-meta\">\r\n                        <a href=\"https:\/\/www.colombiatudestino.com\/viajes\/category\/destinos\/naturaleza\/\" class=\"td-post-category\">Naturaleza<\/a>                        <h3 class=\"entry-title td-module-title\"><a href=\"https:\/\/www.colombiatudestino.com\/viajes\/por-que-visitar-capurgana\/\" rel=\"bookmark\" title=\"Por qu\u00e9 visitar Capurgan\u00e1\">Por qu\u00e9 visitar Capurgan\u00e1<\/a><\/h3>                    <\/div>\r\n                <\/div>\r\n            <\/div>\r\n\r\n        <\/div>\r\n\r\n        <\/div><\/div><div class=\"clearfix\"><\/div><\/div><\/div> <!-- .\/block --><\/div><\/div><\/div><\/div>","protected":false},"excerpt":{"rendered":"","protected":false},"author":4,"featured_media":0,"parent":0,"menu_order":0,"comment_status":"closed","ping_status":"closed","template":"page-pagebuilder-title.php","meta":[],"_links":{"self":[{"href":"https:\/\/www.colombiatudestino.com\/viajes\/wp-json\/wp\/v2\/pages\/1879"}],"collection":[{"href":"https:\/\/www.colombiatudestino.com\/viajes\/wp-json\/wp\/v2\/pages"}],"about":[{"href":"https:\/\/www.colombiatudestino.com\/viajes\/wp-json\/wp\/v2\/types\/page"}],"author":[{"embeddable":true,"href":"https:\/\/www.colombiatudestino.com\/viajes\/wp-json\/wp\/v2\/users\/4"}],"replies":[{"embeddable":true,"href":"https:\/\/www.colombiatudestino.com\/viajes\/wp-json\/wp\/v2\/comments?post=1879"}],"version-history":[{"count":21,"href":"https:\/\/www.colombiatudestino.com\/viajes\/wp-json\/wp\/v2\/pages\/1879\/revisions"}],"predecessor-version":[{"id":2090,"href":"https:\/\/www.colombiatudestino.com\/viajes\/wp-json\/wp\/v2\/pages\/1879\/revisions\/2090"}],"wp:attachment":[{"href":"https:\/\/www.colombiatudestino.com\/viajes\/wp-json\/wp\/v2\/media?parent=1879"}],"curies":[{"name":"wp","href":"https:\/\/api.w.org\/{rel}","templated":true}]}}