{"id":2,"date":"2017-09-13T02:49:10","date_gmt":"2017-09-13T02:49:10","guid":{"rendered":"http:\/\/www.colombiatudestino.com\/viajes\/?page_id=2"},"modified":"2018-12-28T16:35:25","modified_gmt":"2018-12-28T21:35:25","slug":"cartagena-de-indias","status":"publish","type":"page","link":"https:\/\/www.colombiatudestino.com\/viajes\/cartagena-de-indias\/","title":{"rendered":"Cartagena de Indias"},"content":{"rendered":"<div id=\"td_uid_1_69df06d3758bd\" class=\"tdc-row stretch_row_content td-stretch-content\"><div class=\"vc_row td_uid_1_69df06d3758c8_rand  wpb_row td-pb-row\" ><div class=\"vc_column td_uid_2_69df06d375985_rand  wpb_column vc_column_container td-pb-span12\"><div class=\"wpb_wrapper\"><div class=\"wpb_wrapper td_block_single_image td_block_wrap vc_single_image td_uid_3_69df06d375a18_rand  td-single-image-\"><a style=\"background-image: url('https:\/\/www.colombiatudestino.com\/viajes\/wp-content\/uploads\/2017\/09\/cartagena-de-indias-1920x572.jpg');height:572px; background-size: cover; background-repeat: no-repeat; background-position: center center;\" href=\"#\"  rel=\"bookmark\"><\/a><\/div><div class=\"wpb_wrapper td_block_separator td_block_wrap vc_separator td_uid_4_69df06d375cf3_rand  td_separator_solid td_separator_center\"><span style=\"border-color:#EBEBEB;border-width:4px;width:90%;\"><\/span><\/div><\/div><\/div><\/div><\/div><div id=\"td_uid_5_69df06d375d58\" class=\"tdc-row\"><div class=\"vc_row td_uid_5_69df06d375d5b_rand  wpb_row td-pb-row\" ><div class=\"vc_column td_uid_6_69df06d375e99_rand  wpb_column vc_column_container td-pb-span12\"><div class=\"wpb_wrapper\"><div class=\"wpb_wrapper wpb_text_column td_block_wrap td_block_wrap vc_column_text td_uid_7_69df06d375fa1_rand  td-pb-border-top td_block_template_1\"  data-td-block-uid=\"td_uid_7_69df06d375fa1\" \"><div class=\"td-block-title-wrap\"><\/div><blockquote><p>\u00bfPlaneando un viaje a Cartagena? Seguro que m\u00e1s de una vez te lo has imaginado.<\/p><\/blockquote>\n<p>Te preguntar\u00e1s \u00bfpor qu\u00e9 es uno de los primeros lugares que se nos viene a la mente a la hora de viajar?<\/p>\n<p>Sitios de inter\u00e9s como Castillo San Felipe de Barajas, el barrio Pie de la Popa, el Convento de la Popa, el barrio Getseman\u00ed, la ciudad amurallada, son lugares que priman en tu itinerario. Tambi\u00e9n podr\u00e1s disfrutar de refrescantes playas, dentro de las m\u00e1s visitadas est\u00e1n las Islas del Rosario y Bar\u00fa, se caracterizan por sus c\u00e1lidas aguas y por la variedad de vida marina.<\/p>\n<\/div><div class=\"wpb_wrapper td_block_separator td_block_wrap vc_separator td_uid_8_69df06d3772b8_rand  td_separator_solid td_separator_center\"><span style=\"border-color:#EBEBEB;border-width:4px;width:%;\"><\/span><\/div><div class=\"wpb_wrapper td_block_wrap vc_raw_html td_uid_9_69df06d3772d1_rand \"><h2>\u00bfQU\u00c9 HACER EN CARTAGENA?<\/h2><\/div><div class=\"wpb_wrapper td_block_wrap vc_raw_html td_uid_10_69df06d377306_rand \"><div id=\"td_uid_1_5b0968c8ae3a6\" class=\"td_block_inner\">\n\t\t<div class=\"td-block-row\">\n\t\t\t<!-- Inicio -->\n\t\t\t<div class=\"td-block-span4\">\n\t\t\t\t<div class=\"td_module_2 td_module_wrap td-animation-stack\">\n\t\t\t\t\t<div class=\"td-module-image\">\n\t\t\t\t\t\t<div class=\"td-module-thumb\">\n\t\t\t\t\t\t\t<img width=\"324\" height=\"160\" class=\"entry-thumb\" src=\"https:\/\/www.colombiatudestino.com\/viajes\/wp-content\/uploads\/2018\/05\/un-recorrido-por-la-ciudad-533x261.jpg\" srcset=\"https:\/\/www.colombiatudestino.com\/viajes\/wp-content\/uploads\/2018\/05\/un-recorrido-por-la-ciudad-533x261.jpg 324w, https:\/\/www.colombiatudestino.com\/viajes\/wp-content\/uploads\/2018\/05\/un-recorrido-por-la-ciudad-533x261.jpg 533w\" sizes=\"(max-width: 324px) 100vw, 324px\" alt=\"Un recorrido por Cartagena\" title=\"Un recorrido por Cartagena\">\n\t\t\t\t\t\t<\/div>\n\t\t\t\t\t\t<a href=\"https:\/\/www.colombiatudestino.com\/viajes\/category\/destinos\/cartagena\/\" class=\"td-post-category\">Cartagena<\/a>\n\t\t\t\t\t<\/div>\n\t\t\t\t\t<h3 class=\"entry-title td-module-title\">Un recorrido por la ciudad<\/h3>\n\t\t\t\t\t<div class=\"td-module-meta-info\">\n\t\t\t\t\t\t<span class=\"td-post-author-name\">\n\t\t\t\t\t\t\t<a href=\"https:\/\/www.colombiatudestino.com\/viajes\/\">Colombia tu destino<\/a>\n\t\t\t\t\t\t<\/span>\n\t\t\t\t\t<\/div>\n\t\t\t\t\t<div class=\"td-excerpt\">\n\t\t\t\t\t\tUn lugar que concentra las m\u00e1s hermosas calles y recuerdos de sus antepasados hacen la\n\t\t\t\t\t\tmejor jugada para regalarte noches m\u00e1s que m\u00e1gicas, disfrutar de cada una de sus historias,\n\t\t\t\t\t\tgente y arquitectura hacen de este recorrido algo especial.<br>\n\t\t\t\t\t\tDentro de los lugares por visitar esta la puerta del reloj icono de la ciudad, la plaza de los\n\t\t\t\t\t\tcoches y la Plaza de San Pedro Claver.\n\t\t\t\t\t<\/div>\n\t\t\t\t<\/div>\n\t\t\t<\/div>\n\t\t\t<!-- Fin -->\n\t\t\t<!-- Inicio -->\n\t\t\t<div class=\"td-block-span4\">\n\t\t\t\t<div class=\"td_module_2 td_module_wrap td-animation-stack\">\n\t\t\t\t\t<div class=\"td-module-image\">\n\t\t\t\t\t\t<div class=\"td-module-thumb\">\n\t\t\t\t\t\t\t<img width=\"324\" height=\"160\" class=\"entry-thumb\" src=\"https:\/\/www.colombiatudestino.com\/viajes\/wp-content\/uploads\/2018\/05\/playa-blanca-isla-baru-cartagena-533x261.jpg\" srcset=\"https:\/\/www.colombiatudestino.com\/viajes\/wp-content\/uploads\/2018\/05\/playa-blanca-isla-baru-cartagena-533x261.jpg 324w, https:\/\/www.colombiatudestino.com\/viajes\/wp-content\/uploads\/2018\/05\/playa-blanca-isla-baru-cartagena-533x261.jpg 533w\" sizes=\"(max-width: 324px) 100vw, 324px\" alt=\"Visita Bar\u00fa\" title=\"Visita Bar\u00fa\">\n\t\t\t\t\t\t<\/div>\n\t\t\t\t\t\t<a href=\"https:\/\/www.colombiatudestino.com\/viajes\/category\/destinos\/cartagena\/\" class=\"td-post-category\">Cartagena<\/a>\n\t\t\t\t\t<\/div>\n\t\t\t\t\t<h3 class=\"entry-title td-module-title\">Visita Bar\u00fa<\/h3>\n\t\t\t\t\t<div class=\"td-module-meta-info\">\n\t\t\t\t\t\t<span class=\"td-post-author-name\">\n\t\t\t\t\t\t\t<a href=\"https:\/\/www.colombiatudestino.com\/viajes\/\">Colombia tu destino<\/a>\n\t\t\t\t\t\t<\/span>\n\t\t\t\t\t<\/div>\n\t\t\t\t\t<div class=\"td-excerpt\">\n\t\t\t\t\t\tUn para\u00edso de arena blanca y cristalinas aguas que te ofrece una infinidad de actividades acu\u00e1ticas por disfrutar, o si lo prefieres disfrutar de un buen c\u00f3ctel mientras contemplas el atardecer.\n\t\t\t\t\t<\/div>\n\t\t\t\t<\/div>\n\t\t\t<\/div>\n\t\t\t<!-- Fin -->\n\t\t\t<!-- Inicio -->\n\t\t\t<div class=\"td-block-span4\">\n\t\t\t\t<div class=\"td_module_2 td_module_wrap td-animation-stack\">\n\t\t\t\t\t<div class=\"td-module-image\">\n\t\t\t\t\t\t<div class=\"td-module-thumb\">\n\t\t\t\t\t\t\t<img width=\"324\" height=\"160\" class=\"entry-thumb\" src=\"https:\/\/www.colombiatudestino.com\/viajes\/wp-content\/uploads\/2018\/05\/islas-del-rosario-cartagena-533x261.jpg\" srcset=\"https:\/\/www.colombiatudestino.com\/viajes\/wp-content\/uploads\/2018\/05\/islas-del-rosario-cartagena-533x261.jpg 324w, https:\/\/www.colombiatudestino.com\/viajes\/wp-content\/uploads\/2018\/05\/islas-del-rosario-cartagena-533x261.jpg 533w\" sizes=\"(max-width: 324px) 100vw, 324px\" alt=\"Islas del Rosario\" title=\"Islas del Rosario\">\n\t\t\t\t\t\t<\/div>\n\t\t\t\t\t\t<a href=\"https:\/\/www.colombiatudestino.com\/viajes\/category\/destinos\/cartagena\/\" class=\"td-post-category\">Cartagena<\/a>\n\t\t\t\t\t<\/div>\n\t\t\t\t\t<h3 class=\"entry-title td-module-title\">Islas del Rosario<\/h3>\n\t\t\t\t\t<div class=\"td-module-meta-info\">\n\t\t\t\t\t\t<span class=\"td-post-author-name\">\n\t\t\t\t\t\t\t<a href=\"https:\/\/www.colombiatudestino.com\/viajes\/\">Colombia tu destino<\/a>\n\t\t\t\t\t\t<\/span>\n\t\t\t\t\t<\/div>\n\t\t\t\t\t<div class=\"td-excerpt\">\n\t\t\t\t\t\tUn conjunto de islas por descubrir, actividades acu\u00e1ticas por hacer y una gran variedad de\n\t\t\t\t\t\tpeces que forman un escenario indescriptible por vivir.\n\t\t\t\t\t\tLugares tranquilos con vistas hermosas que se quedar\u00e1n gravadas en tu memoria.\n\t\t\t\t\t\tEste lugar ofrece diferentes opciones de alojamiento dependiendo de tus gustos y presupuesto.\n\t\t\t\t\t<\/div>\n\t\t\t\t<\/div>\n\t\t\t<\/div>\n\t\t\t<!-- Fin -->\n\t\t<\/div><!--.\/row-fluid-->\n\t\t\n\t\t<div class=\"td-block-row\">\n\t\t\t<!-- Inicio -->\n\t\t\t<div class=\"td-block-span4\">\n\t\t\t\t<div class=\"td_module_2 td_module_wrap td-animation-stack\">\n\t\t\t\t\t<div class=\"td-module-image\">\n\t\t\t\t\t\t<div class=\"td-module-thumb\">\n\t\t\t\t\t\t\t<img width=\"324\" height=\"160\" class=\"entry-thumb\" src=\"https:\/\/www.colombiatudestino.com\/viajes\/wp-content\/uploads\/2018\/05\/paseo-nocturno-cartagena-533x261.jpg\" srcset=\"https:\/\/www.colombiatudestino.com\/viajes\/wp-content\/uploads\/2018\/05\/paseo-nocturno-cartagena-533x261.jpg 324w, https:\/\/www.colombiatudestino.com\/viajes\/wp-content\/uploads\/2018\/05\/paseo-nocturno-cartagena-533x261.jpg 533w\" sizes=\"(max-width: 324px) 100vw, 324px\" alt=\"Un paseo nocturno en chiva\" title=\"Un paseo nocturno en chiva\">\n\t\t\t\t\t\t<\/div>\n\t\t\t\t\t\t<a href=\"https:\/\/www.colombiatudestino.com\/viajes\/category\/destinos\/cartagena\/\" class=\"td-post-category\">Cartagena<\/a>\n\t\t\t\t\t<\/div>\n\t\t\t\t\t<h3 class=\"entry-title td-module-title\">Un paseo nocturno en chiva<\/h3>\n\t\t\t\t\t<div class=\"td-module-meta-info\">\n\t\t\t\t\t\t<span class=\"td-post-author-name\">\n\t\t\t\t\t\t\t<a href=\"https:\/\/www.colombiatudestino.com\/viajes\/\">Colombia tu destino<\/a>\n\t\t\t\t\t\t<\/span>\n\t\t\t\t\t<\/div>\n\t\t\t\t\t<div class=\"td-excerpt\">\n\t\t\t\t\t\tQue m\u00e1s diversi\u00f3n que un recorrido por la cuidad acompa\u00f1ado de m\u00fasica folcl\u00f3rica, una muestra\n\t\t\t\t\t\tde la gastronom\u00eda local y terminar en una de las discotecas m\u00e1s reconocidas del lugar.\n\t\t\t\t\t<\/div>\n\t\t\t\t<\/div>\n\t\t\t<\/div>\n\t\t\t<!-- Fin -->\n\t\t\t<!-- Inicio -->\n\t\t\t<div class=\"td-block-span4\">\n\t\t\t\t<div class=\"td_module_2 td_module_wrap td-animation-stack\">\n\t\t\t\t\t<div class=\"td-module-image\">\n\t\t\t\t\t\t<div class=\"td-module-thumb\">\n\t\t\t\t\t\t\t<img width=\"324\" height=\"160\" class=\"entry-thumb\" src=\"https:\/\/www.colombiatudestino.com\/viajes\/wp-content\/uploads\/2018\/05\/volcan-del-totumo-cartagena-533x261.jpg\" srcset=\"https:\/\/www.colombiatudestino.com\/viajes\/wp-content\/uploads\/2018\/05\/volcan-del-totumo-cartagena-533x261.jpg 324w, https:\/\/www.colombiatudestino.com\/viajes\/wp-content\/uploads\/2018\/05\/volcan-del-totumo-cartagena-533x261.jpg 533w\" sizes=\"(max-width: 324px) 100vw, 324px\" alt=\"Volc\u00e1n del Totumo\" title=\"Volc\u00e1n del Totumo\">\n\t\t\t\t\t\t<\/div>\n\t\t\t\t\t\t<a href=\"https:\/\/www.colombiatudestino.com\/viajes\/category\/destinos\/cartagena\/\" class=\"td-post-category\">Cartagena<\/a>\n\t\t\t\t\t<\/div>\n\t\t\t\t\t<h3 class=\"entry-title td-module-title\">Volc\u00e1n del Totumo<\/h3>\n\t\t\t\t\t<div class=\"td-module-meta-info\">\n\t\t\t\t\t\t<span class=\"td-post-author-name\">\n\t\t\t\t\t\t\t<a href=\"https:\/\/www.colombiatudestino.com\/viajes\/\">Colombia tu destino<\/a>\n\t\t\t\t\t\t<\/span>\n\t\t\t\t\t<\/div>\n\t\t\t\t\t<div class=\"td-excerpt\">\n\t\t\t\t\t\tUna experiencia diferente y \u00fanica es la que se vive en este lugar. Ubicado aproximadamente a\n\t\t\t\t\t\t50 minutos de Cartagena, se encuentra un fen\u00f3meno natural con propiedades medicinales que\n\t\t\t\t\t\tmuchas personas desean descubrir.\n\t\t\t\t\t<\/div>\n\t\t\t\t<\/div>\n\t\t\t<\/div>\n\t\t\t<!-- Fin -->\n\t\t<\/div><!--.\/row-fluid-->\n\t<\/div><\/div><div class=\"wpb_wrapper td_block_separator td_block_wrap vc_separator td_uid_11_69df06d3773c3_rand  td_separator_solid td_separator_center\"><span style=\"border-color:#EBEBEB;border-width:4px;width:100%;\"><\/span><\/div><div class=\"wpb_wrapper td_block_wrap vc_raw_html td_uid_12_69df06d3773d2_rand \"><h2>PLANES A CARTAGENA<\/h2><\/div><div class=\"td_block_wrap td_block_image_box td_uid_13_69df06d37748c_rand td-pb-border-top td_block_template_1\"  data-td-block-uid=\"td_uid_13_69df06d37748c\" ><div class=\"td-block-title-wrap\"><\/div><div class=\"td-image-box-row td-small-image\" style=\"\"><div class=\"td-image-box-span\" style=\"\"><div class=\"td-custom\"><div class=\"td-custom-image\"><a style=\"background-image: url('https:\/\/www.colombiatudestino.com\/viajes\/wp-content\/uploads\/2018\/06\/001.jpg');\" href=\"https:\/\/www.colombiatudestino.com\/colombia\/bolivar\/viajes-y-turismo-en-cartagena.php\"  target=\"_blank\"  rel=\"bookmark\" title=\"Aventura en Cartagena\"><\/a><\/div><div class=\"td-custom-title\"><h3 class=\"entry-title\"><a href=\"https:\/\/www.colombiatudestino.com\/colombia\/bolivar\/viajes-y-turismo-en-cartagena.php\">Aventura en Cartagena<\/a><\/h3><\/div><\/div><\/div><div class=\"td-image-box-span\" style=\"\"><div class=\"td-custom\"><div class=\"td-custom-image\"><a style=\"background-image: url('https:\/\/www.colombiatudestino.com\/viajes\/wp-content\/uploads\/2018\/06\/002.jpg');\" href=\"http:\/\/colombiatudestino.com\/promos\/ofertascartagena\/ofertas-a-cartagena.php\"  target=\"_blank\"  rel=\"bookmark\" title=\"Por las calles de Cartagena\"><\/a><\/div><div class=\"td-custom-title\"><h3 class=\"entry-title\"><a href=\"http:\/\/colombiatudestino.com\/promos\/ofertascartagena\/ofertas-a-cartagena.php\">Por las calles de Cartagena<\/a><\/h3><\/div><\/div><\/div><div class=\"td-image-box-span\" style=\"\"><div class=\"td-custom\"><div class=\"td-custom-image\"><a style=\"background-image: url('https:\/\/www.colombiatudestino.com\/viajes\/wp-content\/uploads\/2018\/06\/003.jpg');\" href=\"http:\/\/colombiatudestino.com\/promos\/promocartagena\/ofertas-a-cartagena.php\"  target=\"_blank\"  rel=\"bookmark\" title=\"Recorriendo Cartagena\"><\/a><\/div><div class=\"td-custom-title\"><h3 class=\"entry-title\"><a href=\"http:\/\/colombiatudestino.com\/promos\/promocartagena\/ofertas-a-cartagena.php\">Recorriendo Cartagena<\/a><\/h3><\/div><\/div><\/div><\/div><\/div><div class=\"wpb_wrapper td_block_separator td_block_wrap vc_separator td_uid_14_69df06d377da4_rand  td_separator_solid td_separator_center\"><span style=\"border-color:#EBEBEB;border-width:4px;width:100%;\"><\/span><\/div><div class=\"wpb_wrapper td_block_wrap vc_raw_html td_uid_15_69df06d377dbc_rand \"><h2>CONOCE OTROS DESTINOS DE COLOMBIA<\/h2><\/div><\/div><\/div><\/div><\/div><div id=\"td_uid_14_69df06d377e0d\" class=\"tdc-row stretch_row_content td-stretch-content\"><div class=\"vc_row td_uid_16_69df06d377e0f_rand  wpb_row td-pb-row\" ><div class=\"vc_column td_uid_17_69df06d377ec4_rand  wpb_column vc_column_container td-pb-span12\"><div class=\"wpb_wrapper\"><div class=\"td_block_wrap td_block_big_grid_2 td_uid_19_69df06d378bb5_rand td-grid-style-1 td-hover-1 td-big-grids td-pb-border-top td_block_template_1\"  data-td-block-uid=\"td_uid_19_69df06d378bb5\" ><div id=td_uid_19_69df06d378bb5 class=\"td_block_inner\"><div class=\"td-big-grid-wrapper\">\r\n        <div class=\"td_module_mx9 td-animation-stack td-big-grid-post-0 td-big-grid-post td-big-thumb\">\r\n            <div class=\"td-module-thumb\"><a href=\"https:\/\/www.colombiatudestino.com\/viajes\/2-utiles-indispensables-que-no-deben-faltar-en-tu-mochila-si-viajas-a-cartagena\/\" rel=\"bookmark\" title=\"2 \u00fatiles indispensables que no deben faltar en tu mochila si viajas a Cartagena\"><img width=\"741\" height=\"486\" class=\"entry-thumb\" src=\"https:\/\/www.colombiatudestino.com\/viajes\/wp-content\/themes\/Newspaper\/images\/no-thumb\/td_741x486.png\" alt=\"\"\/><\/a><\/div>            <div class=\"td-meta-info-container\">\r\n                <div class=\"td-meta-align\">\r\n                    <div class=\"td-big-grid-meta\">\r\n                        <a href=\"https:\/\/www.colombiatudestino.com\/viajes\/category\/tips\/\" class=\"td-post-category\">Tips<\/a>                        <h3 class=\"entry-title td-module-title\"><a href=\"https:\/\/www.colombiatudestino.com\/viajes\/2-utiles-indispensables-que-no-deben-faltar-en-tu-mochila-si-viajas-a-cartagena\/\" rel=\"bookmark\" title=\"2 \u00fatiles indispensables que no deben faltar en tu mochila si viajas a Cartagena\">2 \u00fatiles indispensables que no deben faltar en tu mochila si viajas a Cartagena<\/a><\/h3>                    <\/div>\r\n                    <div class=\"td-module-meta-info\">\r\n                        <span class=\"td-post-author-name\"><a href=\"https:\/\/www.colombiatudestino.com\/viajes\/author\/colreservas\/\">colreservas<\/a> <span>-<\/span> <\/span>                        <span class=\"td-post-date\"><time class=\"entry-date updated td-module-date\" datetime=\"2020-09-02T11:38:33+00:00\" >2 septiembre, 2020<\/time><\/span>                    <\/div>\r\n                <\/div>\r\n            <\/div>\r\n\r\n        <\/div>\r\n\r\n        <div class=\"td-big-grid-scroll\">\r\n        <div class=\"td_module_mx10 td-animation-stack td-big-grid-post-1 td-big-grid-post td-small-thumb\">\r\n            <div class=\"td-module-thumb\"><a href=\"https:\/\/www.colombiatudestino.com\/viajes\/colores-del-amazonas\/\" rel=\"bookmark\" title=\"Colores del Amazonas\"><img width=\"324\" height=\"160\" class=\"entry-thumb\" src=\"https:\/\/www.colombiatudestino.com\/viajes\/wp-content\/uploads\/2018\/10\/amazonas6-324x160.jpg\" srcset=\"https:\/\/www.colombiatudestino.com\/viajes\/wp-content\/uploads\/2018\/10\/amazonas6-324x160.jpg 324w, https:\/\/www.colombiatudestino.com\/viajes\/wp-content\/uploads\/2018\/10\/amazonas6-533x261.jpg 533w\" sizes=\"(max-width: 324px) 100vw, 324px\" alt=\"\" title=\"Colores del Amazonas\"\/><\/a><\/div>            <div class=\"td-meta-info-container\">\r\n                <div class=\"td-meta-align\">\r\n                    <div class=\"td-big-grid-meta\">\r\n                        <a href=\"https:\/\/www.colombiatudestino.com\/viajes\/category\/sin-categoria\/\" class=\"td-post-category\">Sin categor\u00eda<\/a>                        <h3 class=\"entry-title td-module-title\"><a href=\"https:\/\/www.colombiatudestino.com\/viajes\/colores-del-amazonas\/\" rel=\"bookmark\" title=\"Colores del Amazonas\">Colores del Amazonas<\/a><\/h3>                    <\/div>\r\n                <\/div>\r\n            <\/div>\r\n\r\n        <\/div>\r\n\r\n        \r\n        <div class=\"td_module_mx10 td-animation-stack td-big-grid-post-2 td-big-grid-post td-small-thumb\">\r\n            <div class=\"td-module-thumb\"><a href=\"https:\/\/www.colombiatudestino.com\/viajes\/cano-cristales-el-rio-de-los-siete-colores\/\" rel=\"bookmark\" title=\"Ca\u00f1o Cristales, el r\u00edo de los siete colores\"><img width=\"324\" height=\"160\" class=\"entry-thumb\" src=\"https:\/\/www.colombiatudestino.com\/viajes\/wp-content\/uploads\/2018\/09\/destacada-cristales-324x160.jpg\" srcset=\"https:\/\/www.colombiatudestino.com\/viajes\/wp-content\/uploads\/2018\/09\/destacada-cristales-324x160.jpg 324w, https:\/\/www.colombiatudestino.com\/viajes\/wp-content\/uploads\/2018\/09\/destacada-cristales-533x261.jpg 533w\" sizes=\"(max-width: 324px) 100vw, 324px\" alt=\"\" title=\"Ca\u00f1o Cristales, el r\u00edo de los siete colores\"\/><\/a><\/div>            <div class=\"td-meta-info-container\">\r\n                <div class=\"td-meta-align\">\r\n                    <div class=\"td-big-grid-meta\">\r\n                        <a href=\"https:\/\/www.colombiatudestino.com\/viajes\/category\/sin-categoria\/\" class=\"td-post-category\">Sin categor\u00eda<\/a>                        <h3 class=\"entry-title td-module-title\"><a href=\"https:\/\/www.colombiatudestino.com\/viajes\/cano-cristales-el-rio-de-los-siete-colores\/\" rel=\"bookmark\" title=\"Ca\u00f1o Cristales, el r\u00edo de los siete colores\">Ca\u00f1o Cristales, el r\u00edo de los siete colores<\/a><\/h3>                    <\/div>\r\n                <\/div>\r\n            <\/div>\r\n\r\n        <\/div>\r\n\r\n        \r\n        <div class=\"td_module_mx10 td-animation-stack td-big-grid-post-3 td-big-grid-post td-small-thumb\">\r\n            <div class=\"td-module-thumb\"><a href=\"https:\/\/www.colombiatudestino.com\/viajes\/por-que-visitar-capurgana\/\" rel=\"bookmark\" title=\"Por qu\u00e9 visitar Capurgan\u00e1\"><img width=\"324\" height=\"160\" class=\"entry-thumb\" src=\"https:\/\/www.colombiatudestino.com\/viajes\/wp-content\/uploads\/2018\/04\/destacada-324x160.jpg\" srcset=\"https:\/\/www.colombiatudestino.com\/viajes\/wp-content\/uploads\/2018\/04\/destacada-324x160.jpg 324w, https:\/\/www.colombiatudestino.com\/viajes\/wp-content\/uploads\/2018\/04\/destacada-533x261.jpg 533w\" sizes=\"(max-width: 324px) 100vw, 324px\" alt=\"\" title=\"Por qu\u00e9 visitar Capurgan\u00e1\"\/><\/a><\/div>            <div class=\"td-meta-info-container\">\r\n                <div class=\"td-meta-align\">\r\n                    <div class=\"td-big-grid-meta\">\r\n                        <a href=\"https:\/\/www.colombiatudestino.com\/viajes\/category\/destinos\/naturaleza\/\" class=\"td-post-category\">Naturaleza<\/a>                        <h3 class=\"entry-title td-module-title\"><a href=\"https:\/\/www.colombiatudestino.com\/viajes\/por-que-visitar-capurgana\/\" rel=\"bookmark\" title=\"Por qu\u00e9 visitar Capurgan\u00e1\">Por qu\u00e9 visitar Capurgan\u00e1<\/a><\/h3>                    <\/div>\r\n                <\/div>\r\n            <\/div>\r\n\r\n        <\/div>\r\n\r\n        <\/div><\/div><div class=\"clearfix\"><\/div><\/div><\/div> <!-- .\/block --><\/div><\/div><\/div><\/div>","protected":false},"excerpt":{"rendered":"","protected":false},"author":1,"featured_media":0,"parent":0,"menu_order":0,"comment_status":"closed","ping_status":"open","template":"page-pagebuilder-title.php","meta":[],"_links":{"self":[{"href":"https:\/\/www.colombiatudestino.com\/viajes\/wp-json\/wp\/v2\/pages\/2"}],"collection":[{"href":"https:\/\/www.colombiatudestino.com\/viajes\/wp-json\/wp\/v2\/pages"}],"about":[{"href":"https:\/\/www.colombiatudestino.com\/viajes\/wp-json\/wp\/v2\/types\/page"}],"author":[{"embeddable":true,"href":"https:\/\/www.colombiatudestino.com\/viajes\/wp-json\/wp\/v2\/users\/1"}],"replies":[{"embeddable":true,"href":"https:\/\/www.colombiatudestino.com\/viajes\/wp-json\/wp\/v2\/comments?post=2"}],"version-history":[{"count":69,"href":"https:\/\/www.colombiatudestino.com\/viajes\/wp-json\/wp\/v2\/pages\/2\/revisions"}],"predecessor-version":[{"id":2068,"href":"https:\/\/www.colombiatudestino.com\/viajes\/wp-json\/wp\/v2\/pages\/2\/revisions\/2068"}],"wp:attachment":[{"href":"https:\/\/www.colombiatudestino.com\/viajes\/wp-json\/wp\/v2\/media?parent=2"}],"curies":[{"name":"wp","href":"https:\/\/api.w.org\/{rel}","templated":true}]}}